{"id":116,"date":"2021-02-04T17:20:35","date_gmt":"2021-02-04T15:20:35","guid":{"rendered":"https:\/\/stiintasitehnica.com\/cluburi\/?page_id=116"},"modified":"2021-02-22T18:24:13","modified_gmt":"2021-02-22T16:24:13","slug":"live","status":"publish","type":"page","link":"https:\/\/stiintasitehnica.com\/cluburi\/live\/","title":{"rendered":"LIVE"},"content":{"rendered":"<p>[et_pb_section fb_built=&#8221;1&#8243; _builder_version=&#8221;4.6.0&#8243; _module_preset=&#8221;default&#8221;][et_pb_row column_structure=&#8221;3_5,2_5&#8243; _builder_version=&#8221;4.6.0&#8243; _module_preset=&#8221;default&#8221;][et_pb_column type=&#8221;3_5&#8243; _builder_version=&#8221;4.6.0&#8243; _module_preset=&#8221;default&#8221;][et_pb_text _builder_version=&#8221;4.6.0&#8243; _module_preset=&#8221;default&#8221; custom_padding=&#8221;||0px|||&#8221; hover_enabled=&#8221;0&#8243; sticky_enabled=&#8221;0&#8243;]<a href=\"https:\/\/youtu.be\/DeVI5p307vg\">CLICK AICI SA VEZI CONFERINTA<\/a><\/p>\n<h1>Live<\/h1>\n<div dir=\"auto\"><\/div>\n<p><strong><\/strong><\/p>\n<p><span>Luni, 22 februarie, 18:30 &#8211; Alexandru Mironov \u00een dialog cu Andrei Doroban\u021bu \u0219i Cristian M. Teodorescu despre marile descoperiri ale secolului XXI<\/span><strong><\/strong><\/p>\n<p><strong><\/strong><\/p>\n<p><strong>Programul pe urm\u0103toarele zile:<\/strong><\/p>\n<p><span>&#8211; Mar\u021bi, 23 februarie &#8211; Primele imagini ale rover-ului Perseverance pe Marte. Teorii \u0219i istorie cu Alexandru Mironov, Cristian Rom\u00e2n \u0219i Claudiu T\u0103n\u0103selia;<\/span><\/p>\n<p><span>&#8211; Miercuri, 24 februarie &#8211; Aproape totul despre Arduino. Ini\u021biere \u00een robotic\u0103. Curs realizat cu sprijinul Garrett Motion \u0219i Nextlab.Tech.<\/span><\/p>\n<p><span>&#8211; Joi, 25 februarie &#8211; Ini\u021biere \u00een astronomie cu C\u0103t\u0103lin Beldea, Marian Naiman \u0219i Gabriel Neagu;<\/span><\/p>\n<p><span>&#8211; Vineri, 26 februarie, \u201dCronica scepticului\u201d cu Cristian Roman<\/span>[\/et_pb_text][et_pb_button button_url=&#8221;https:\/\/www.youtube.com\/channel\/UC4hqCFtlQM0EL9ortj5H-5g&#8221; button_text=&#8221;Mergi direct la canalul de Youtube \u0218tiin\u021b\u0103&#038;Tehnic\u0103&#8221; _builder_version=&#8221;4.6.0&#8243; _module_preset=&#8221;default&#8221; custom_button=&#8221;on&#8221; button_text_color=&#8221;#ffffff&#8221; button_bg_color=&#8221;#7cda24&#8243;][\/et_pb_button][\/et_pb_column][et_pb_column type=&#8221;2_5&#8243; _builder_version=&#8221;4.6.0&#8243; _module_preset=&#8221;default&#8221;][et_pb_text _builder_version=&#8221;4.6.0&#8243; _module_preset=&#8221;default&#8221;]<\/p>\n<h1><strong>Trimite \u00eentrebarea ta<\/strong><\/h1>\n<p>[\/et_pb_text][et_pb_text _builder_version=&#8221;4.6.0&#8243; _module_preset=&#8221;default&#8221;]<\/p>\n<p>Vom trimite \u00eentreb\u0103rile voastre invita\u021bilor no\u0219tri, ca s\u0103 v\u0103 r\u0103spund\u0103 \u00een direct.<\/p>\n<p>[\/et_pb_text][et_pb_contact_form email=&#8221;clubst@stiintasitehnica.com, noro@kuantero.com&#8221; custom_message=&#8221;Nume: %%Name%%||et_pb_line_break_holder||Email: %%Email%%||et_pb_line_break_holder||Localitate: %%Localitate%%||et_pb_line_break_holder||Nume club: %%Nume_Club%%||et_pb_line_break_holder||Mesaj: %%Message%%&#8221; submit_button_text=&#8221;Trimite&#8221; _builder_version=&#8221;4.6.0&#8243; _module_preset=&#8221;default&#8221; custom_button=&#8221;on&#8221; button_text_color=&#8221;#ffffff&#8221; button_bg_color=&#8221;#7cda24&#8243;][et_pb_contact_field field_id=&#8221;Name&#8221; field_title=&#8221;Nume&#8221; _builder_version=&#8221;4.6.0&#8243; button_text_size__hover_enabled=&#8221;off&#8221; button_one_text_size__hover_enabled=&#8221;off&#8221; button_two_text_size__hover_enabled=&#8221;off&#8221; button_text_color__hover_enabled=&#8221;off&#8221; button_one_text_color__hover_enabled=&#8221;off&#8221; button_two_text_color__hover_enabled=&#8221;off&#8221; button_border_width__hover_enabled=&#8221;off&#8221; button_one_border_width__hover_enabled=&#8221;off&#8221; button_two_border_width__hover_enabled=&#8221;off&#8221; button_border_color__hover_enabled=&#8221;off&#8221; button_one_border_color__hover_enabled=&#8221;off&#8221; button_two_border_color__hover_enabled=&#8221;off&#8221; button_border_radius__hover_enabled=&#8221;off&#8221; button_one_border_radius__hover_enabled=&#8221;off&#8221; button_two_border_radius__hover_enabled=&#8221;off&#8221; button_letter_spacing__hover_enabled=&#8221;off&#8221; button_one_letter_spacing__hover_enabled=&#8221;off&#8221; button_two_letter_spacing__hover_enabled=&#8221;off&#8221; button_bg_color__hover_enabled=&#8221;off&#8221; button_one_bg_color__hover_enabled=&#8221;off&#8221; button_two_bg_color__hover_enabled=&#8221;off&#8221;][\/et_pb_contact_field][et_pb_contact_field field_id=&#8221;Email&#8221; field_title=&#8221;Adres\u0103 Email&#8221; field_type=&#8221;email&#8221; _builder_version=&#8221;4.6.0&#8243; button_text_size__hover_enabled=&#8221;off&#8221; button_one_text_size__hover_enabled=&#8221;off&#8221; button_two_text_size__hover_enabled=&#8221;off&#8221; button_text_color__hover_enabled=&#8221;off&#8221; button_one_text_color__hover_enabled=&#8221;off&#8221; button_two_text_color__hover_enabled=&#8221;off&#8221; button_border_width__hover_enabled=&#8221;off&#8221; button_one_border_width__hover_enabled=&#8221;off&#8221; button_two_border_width__hover_enabled=&#8221;off&#8221; button_border_color__hover_enabled=&#8221;off&#8221; button_one_border_color__hover_enabled=&#8221;off&#8221; button_two_border_color__hover_enabled=&#8221;off&#8221; button_border_radius__hover_enabled=&#8221;off&#8221; button_one_border_radius__hover_enabled=&#8221;off&#8221; button_two_border_radius__hover_enabled=&#8221;off&#8221; button_letter_spacing__hover_enabled=&#8221;off&#8221; button_one_letter_spacing__hover_enabled=&#8221;off&#8221; button_two_letter_spacing__hover_enabled=&#8221;off&#8221; button_bg_color__hover_enabled=&#8221;off&#8221; button_one_bg_color__hover_enabled=&#8221;off&#8221; button_two_bg_color__hover_enabled=&#8221;off&#8221;][\/et_pb_contact_field][et_pb_contact_field field_id=&#8221;Localitate&#8221; field_title=&#8221;Localitate&#8221; fullwidth_field=&#8221;on&#8221; _builder_version=&#8221;4.6.0&#8243; _module_preset=&#8221;default&#8221;][\/et_pb_contact_field][et_pb_contact_field field_id=&#8221;Nume_Club&#8221; field_title=&#8221;Numele Clubului \u0218tiin\u021b\u0103&#038;Tehnic\u0103 din care faci parte&#8221; fullwidth_field=&#8221;on&#8221; _builder_version=&#8221;4.6.0&#8243; _module_preset=&#8221;default&#8221;][\/et_pb_contact_field][et_pb_contact_field field_id=&#8221;Message&#8221; field_title=&#8221;Mesaj&#8221; field_type=&#8221;text&#8221; fullwidth_field=&#8221;on&#8221; _builder_version=&#8221;4.6.0&#8243; button_text_size__hover_enabled=&#8221;off&#8221; button_one_text_size__hover_enabled=&#8221;off&#8221; button_two_text_size__hover_enabled=&#8221;off&#8221; button_text_color__hover_enabled=&#8221;off&#8221; button_one_text_color__hover_enabled=&#8221;off&#8221; button_two_text_color__hover_enabled=&#8221;off&#8221; button_border_width__hover_enabled=&#8221;off&#8221; button_one_border_width__hover_enabled=&#8221;off&#8221; button_two_border_width__hover_enabled=&#8221;off&#8221; button_border_color__hover_enabled=&#8221;off&#8221; button_one_border_color__hover_enabled=&#8221;off&#8221; button_two_border_color__hover_enabled=&#8221;off&#8221; button_border_radius__hover_enabled=&#8221;off&#8221; button_one_border_radius__hover_enabled=&#8221;off&#8221; button_two_border_radius__hover_enabled=&#8221;off&#8221; button_letter_spacing__hover_enabled=&#8221;off&#8221; button_one_letter_spacing__hover_enabled=&#8221;off&#8221; button_two_letter_spacing__hover_enabled=&#8221;off&#8221; button_bg_color__hover_enabled=&#8221;off&#8221; button_one_bg_color__hover_enabled=&#8221;off&#8221; button_two_bg_color__hover_enabled=&#8221;off&#8221;][\/et_pb_contact_field][\/et_pb_contact_form][et_pb_text _builder_version=&#8221;4.6.0&#8243; _module_preset=&#8221;default&#8221;]<\/p>\n<h2><img loading=\"lazy\" decoding=\"async\" src=\"https:\/\/stiintasitehnica.com\/cluburi\/wp-content\/uploads\/2021\/02\/logo-cluburi-stiintatehnica-272x300.jpg\" alt=\"\" class=\"wp-image-164 alignnone size-medium\" style=\"display: block; margin-left: auto; margin-right: auto;\" width=\"272\" height=\"300\" \/><\/h2>\n<h2 style=\"text-align: center;\">\u0218coala ta nu are \u00eenc\u0103 un CLUB \u0218TIIN\u021a\u0102&amp;TEHNIC\u0102?<\/h2>\n<p>[\/et_pb_text][et_pb_button button_url=&#8221;https:\/\/www.stiintasitehnica.com\/cluburi&#8221; button_text=&#8221;Detalii&#8221; button_alignment=&#8221;center&#8221; _builder_version=&#8221;4.6.0&#8243; _module_preset=&#8221;default&#8221;][\/et_pb_button][\/et_pb_column][\/et_pb_row][\/et_pb_section]<\/p>\n","protected":false},"excerpt":{"rendered":"<p>[et_pb_section fb_built=&#8221;1&#8243; _builder_version=&#8221;4.6.0&#8243; _module_preset=&#8221;default&#8221;][et_pb_row column_structure=&#8221;3_5,2_5&#8243; _builder_version=&#8221;4.6.0&#8243; _module_preset=&#8221;default&#8221;][et_pb_column type=&#8221;3_5&#8243; _builder_version=&#8221;4.6.0&#8243; _module_preset=&#8221;default&#8221;][et_pb_text _builder_version=&#8221;4.6.0&#8243; _module_preset=&#8221;default&#8221; custom_padding=&#8221;||0px|||&#8221; hover_enabled=&#8221;0&#8243; sticky_enabled=&#8221;0&#8243;]CLICK AICI SA VEZI CONFERINTA Live Luni, 22 februarie, 18:30 &#8211; Alexandru Mironov \u00een dialog cu Andrei Doroban\u021bu \u0219i Cristian M. Teodorescu despre marile descoperiri ale secolului XXI Programul pe urm\u0103toarele zile: &#8211; Mar\u021bi, 23 februarie &#8211; Primele imagini ale rover-ului [&hellip;]<\/p>\n","protected":false},"author":1,"featured_media":0,"parent":0,"menu_order":0,"comment_status":"closed","ping_status":"closed","template":"","meta":{"_et_pb_use_builder":"on","_et_pb_old_content":"","_et_gb_content_width":"","footnotes":""},"class_list":["post-116","page","type-page","status-publish","hentry"],"yoast_head":"<!-- This site is optimized with the Yoast SEO plugin v27.4 - https:\/\/yoast.com\/product\/yoast-seo-wordpress\/ -->\n<title>LIVE - Cluburile \u0218tiin\u021b\u0103&amp;Tehnic\u0103<\/title>\n<meta name=\"robots\" content=\"index, follow, max-snippet:-1, max-image-preview:large, max-video-preview:-1\" \/>\n<link rel=\"canonical\" href=\"https:\/\/stiintasitehnica.com\/cluburi\/live\/\" \/>\n<meta property=\"og:locale\" content=\"ro_RO\" \/>\n<meta property=\"og:type\" content=\"article\" \/>\n<meta property=\"og:title\" content=\"LIVE - Cluburile \u0218tiin\u021b\u0103&amp;Tehnic\u0103\" \/>\n<meta property=\"og:description\" content=\"[et_pb_section fb_built=&#8221;1&#8243; _builder_version=&#8221;4.6.0&#8243; _module_preset=&#8221;default&#8221;][et_pb_row column_structure=&#8221;3_5,2_5&#8243; _builder_version=&#8221;4.6.0&#8243; _module_preset=&#8221;default&#8221;][et_pb_column type=&#8221;3_5&#8243; _builder_version=&#8221;4.6.0&#8243; _module_preset=&#8221;default&#8221;][et_pb_text _builder_version=&#8221;4.6.0&#8243; _module_preset=&#8221;default&#8221; custom_padding=&#8221;||0px|||&#8221; hover_enabled=&#8221;0&#8243; sticky_enabled=&#8221;0&#8243;]CLICK AICI SA VEZI CONFERINTA Live Luni, 22 februarie, 18:30 &#8211; Alexandru Mironov \u00een dialog cu Andrei Doroban\u021bu \u0219i Cristian M. Teodorescu despre marile descoperiri ale secolului XXI Programul pe urm\u0103toarele zile: &#8211; Mar\u021bi, 23 februarie &#8211; Primele imagini ale rover-ului [&hellip;]\" \/>\n<meta property=\"og:url\" content=\"https:\/\/stiintasitehnica.com\/cluburi\/live\/\" \/>\n<meta property=\"og:site_name\" content=\"Cluburile \u0218tiin\u021b\u0103&amp;Tehnic\u0103\" \/>\n<meta property=\"article:modified_time\" content=\"2021-02-22T16:24:13+00:00\" \/>\n<meta property=\"og:image\" content=\"https:\/\/stiintasitehnica.com\/cluburi\/wp-content\/uploads\/2021\/02\/logo-cluburi-stiintatehnica-272x300.jpg\" \/>\n<meta name=\"twitter:card\" content=\"summary_large_image\" \/>\n<script type=\"application\/ld+json\" class=\"yoast-schema-graph\">{\"@context\":\"https:\\\/\\\/schema.org\",\"@graph\":[{\"@type\":\"WebPage\",\"@id\":\"https:\\\/\\\/stiintasitehnica.com\\\/cluburi\\\/live\\\/\",\"url\":\"https:\\\/\\\/stiintasitehnica.com\\\/cluburi\\\/live\\\/\",\"name\":\"LIVE - Cluburile \u0218tiin\u021b\u0103&amp;Tehnic\u0103\",\"isPartOf\":{\"@id\":\"https:\\\/\\\/stiintasitehnica.com\\\/cluburi\\\/#website\"},\"primaryImageOfPage\":{\"@id\":\"https:\\\/\\\/stiintasitehnica.com\\\/cluburi\\\/live\\\/#primaryimage\"},\"image\":{\"@id\":\"https:\\\/\\\/stiintasitehnica.com\\\/cluburi\\\/live\\\/#primaryimage\"},\"thumbnailUrl\":\"https:\\\/\\\/stiintasitehnica.com\\\/cluburi\\\/wp-content\\\/uploads\\\/2021\\\/02\\\/logo-cluburi-stiintatehnica-272x300.jpg\",\"datePublished\":\"2021-02-04T15:20:35+00:00\",\"dateModified\":\"2021-02-22T16:24:13+00:00\",\"breadcrumb\":{\"@id\":\"https:\\\/\\\/stiintasitehnica.com\\\/cluburi\\\/live\\\/#breadcrumb\"},\"inLanguage\":\"ro-RO\",\"potentialAction\":[{\"@type\":\"ReadAction\",\"target\":[\"https:\\\/\\\/stiintasitehnica.com\\\/cluburi\\\/live\\\/\"]}]},{\"@type\":\"ImageObject\",\"inLanguage\":\"ro-RO\",\"@id\":\"https:\\\/\\\/stiintasitehnica.com\\\/cluburi\\\/live\\\/#primaryimage\",\"url\":\"https:\\\/\\\/stiintasitehnica.com\\\/cluburi\\\/wp-content\\\/uploads\\\/2021\\\/02\\\/logo-cluburi-stiintatehnica-scaled.jpg\",\"contentUrl\":\"https:\\\/\\\/stiintasitehnica.com\\\/cluburi\\\/wp-content\\\/uploads\\\/2021\\\/02\\\/logo-cluburi-stiintatehnica-scaled.jpg\",\"width\":2322,\"height\":2560},{\"@type\":\"BreadcrumbList\",\"@id\":\"https:\\\/\\\/stiintasitehnica.com\\\/cluburi\\\/live\\\/#breadcrumb\",\"itemListElement\":[{\"@type\":\"ListItem\",\"position\":1,\"name\":\"Home\",\"item\":\"https:\\\/\\\/stiintasitehnica.com\\\/cluburi\\\/\"},{\"@type\":\"ListItem\",\"position\":2,\"name\":\"LIVE\"}]},{\"@type\":\"WebSite\",\"@id\":\"https:\\\/\\\/stiintasitehnica.com\\\/cluburi\\\/#website\",\"url\":\"https:\\\/\\\/stiintasitehnica.com\\\/cluburi\\\/\",\"name\":\"Cluburile \u0218tiin\u021b\u0103&amp;Tehnic\u0103\",\"description\":\"Fiecare \u0219coal\u0103 merit\u0103 propriul club de \u0219tiin\u021b\u0103\",\"potentialAction\":[{\"@type\":\"SearchAction\",\"target\":{\"@type\":\"EntryPoint\",\"urlTemplate\":\"https:\\\/\\\/stiintasitehnica.com\\\/cluburi\\\/?s={search_term_string}\"},\"query-input\":{\"@type\":\"PropertyValueSpecification\",\"valueRequired\":true,\"valueName\":\"search_term_string\"}}],\"inLanguage\":\"ro-RO\"}]}<\/script>\n<!-- \/ Yoast SEO plugin. -->","yoast_head_json":{"title":"LIVE - Cluburile \u0218tiin\u021b\u0103&amp;Tehnic\u0103","robots":{"index":"index","follow":"follow","max-snippet":"max-snippet:-1","max-image-preview":"max-image-preview:large","max-video-preview":"max-video-preview:-1"},"canonical":"https:\/\/stiintasitehnica.com\/cluburi\/live\/","og_locale":"ro_RO","og_type":"article","og_title":"LIVE - Cluburile \u0218tiin\u021b\u0103&amp;Tehnic\u0103","og_description":"[et_pb_section fb_built=&#8221;1&#8243; _builder_version=&#8221;4.6.0&#8243; _module_preset=&#8221;default&#8221;][et_pb_row column_structure=&#8221;3_5,2_5&#8243; _builder_version=&#8221;4.6.0&#8243; _module_preset=&#8221;default&#8221;][et_pb_column type=&#8221;3_5&#8243; _builder_version=&#8221;4.6.0&#8243; _module_preset=&#8221;default&#8221;][et_pb_text _builder_version=&#8221;4.6.0&#8243; _module_preset=&#8221;default&#8221; custom_padding=&#8221;||0px|||&#8221; hover_enabled=&#8221;0&#8243; sticky_enabled=&#8221;0&#8243;]CLICK AICI SA VEZI CONFERINTA Live Luni, 22 februarie, 18:30 &#8211; Alexandru Mironov \u00een dialog cu Andrei Doroban\u021bu \u0219i Cristian M. Teodorescu despre marile descoperiri ale secolului XXI Programul pe urm\u0103toarele zile: &#8211; Mar\u021bi, 23 februarie &#8211; Primele imagini ale rover-ului [&hellip;]","og_url":"https:\/\/stiintasitehnica.com\/cluburi\/live\/","og_site_name":"Cluburile \u0218tiin\u021b\u0103&amp;Tehnic\u0103","article_modified_time":"2021-02-22T16:24:13+00:00","og_image":[{"url":"https:\/\/stiintasitehnica.com\/cluburi\/wp-content\/uploads\/2021\/02\/logo-cluburi-stiintatehnica-272x300.jpg","type":"","width":"","height":""}],"twitter_card":"summary_large_image","schema":{"@context":"https:\/\/schema.org","@graph":[{"@type":"WebPage","@id":"https:\/\/stiintasitehnica.com\/cluburi\/live\/","url":"https:\/\/stiintasitehnica.com\/cluburi\/live\/","name":"LIVE - Cluburile \u0218tiin\u021b\u0103&amp;Tehnic\u0103","isPartOf":{"@id":"https:\/\/stiintasitehnica.com\/cluburi\/#website"},"primaryImageOfPage":{"@id":"https:\/\/stiintasitehnica.com\/cluburi\/live\/#primaryimage"},"image":{"@id":"https:\/\/stiintasitehnica.com\/cluburi\/live\/#primaryimage"},"thumbnailUrl":"https:\/\/stiintasitehnica.com\/cluburi\/wp-content\/uploads\/2021\/02\/logo-cluburi-stiintatehnica-272x300.jpg","datePublished":"2021-02-04T15:20:35+00:00","dateModified":"2021-02-22T16:24:13+00:00","breadcrumb":{"@id":"https:\/\/stiintasitehnica.com\/cluburi\/live\/#breadcrumb"},"inLanguage":"ro-RO","potentialAction":[{"@type":"ReadAction","target":["https:\/\/stiintasitehnica.com\/cluburi\/live\/"]}]},{"@type":"ImageObject","inLanguage":"ro-RO","@id":"https:\/\/stiintasitehnica.com\/cluburi\/live\/#primaryimage","url":"https:\/\/stiintasitehnica.com\/cluburi\/wp-content\/uploads\/2021\/02\/logo-cluburi-stiintatehnica-scaled.jpg","contentUrl":"https:\/\/stiintasitehnica.com\/cluburi\/wp-content\/uploads\/2021\/02\/logo-cluburi-stiintatehnica-scaled.jpg","width":2322,"height":2560},{"@type":"BreadcrumbList","@id":"https:\/\/stiintasitehnica.com\/cluburi\/live\/#breadcrumb","itemListElement":[{"@type":"ListItem","position":1,"name":"Home","item":"https:\/\/stiintasitehnica.com\/cluburi\/"},{"@type":"ListItem","position":2,"name":"LIVE"}]},{"@type":"WebSite","@id":"https:\/\/stiintasitehnica.com\/cluburi\/#website","url":"https:\/\/stiintasitehnica.com\/cluburi\/","name":"Cluburile \u0218tiin\u021b\u0103&amp;Tehnic\u0103","description":"Fiecare \u0219coal\u0103 merit\u0103 propriul club de \u0219tiin\u021b\u0103","potentialAction":[{"@type":"SearchAction","target":{"@type":"EntryPoint","urlTemplate":"https:\/\/stiintasitehnica.com\/cluburi\/?s={search_term_string}"},"query-input":{"@type":"PropertyValueSpecification","valueRequired":true,"valueName":"search_term_string"}}],"inLanguage":"ro-RO"}]}},"_links":{"self":[{"href":"https:\/\/stiintasitehnica.com\/cluburi\/wp-json\/wp\/v2\/pages\/116","targetHints":{"allow":["GET"]}}],"collection":[{"href":"https:\/\/stiintasitehnica.com\/cluburi\/wp-json\/wp\/v2\/pages"}],"about":[{"href":"https:\/\/stiintasitehnica.com\/cluburi\/wp-json\/wp\/v2\/types\/page"}],"author":[{"embeddable":true,"href":"https:\/\/stiintasitehnica.com\/cluburi\/wp-json\/wp\/v2\/users\/1"}],"replies":[{"embeddable":true,"href":"https:\/\/stiintasitehnica.com\/cluburi\/wp-json\/wp\/v2\/comments?post=116"}],"version-history":[{"count":32,"href":"https:\/\/stiintasitehnica.com\/cluburi\/wp-json\/wp\/v2\/pages\/116\/revisions"}],"predecessor-version":[{"id":231,"href":"https:\/\/stiintasitehnica.com\/cluburi\/wp-json\/wp\/v2\/pages\/116\/revisions\/231"}],"wp:attachment":[{"href":"https:\/\/stiintasitehnica.com\/cluburi\/wp-json\/wp\/v2\/media?parent=116"}],"curies":[{"name":"wp","href":"https:\/\/api.w.org\/{rel}","templated":true}]}}