{"id":100,"date":"2025-03-28T17:21:25","date_gmt":"2025-03-28T15:21:25","guid":{"rendered":"https:\/\/stiintasitehnica.com\/shop\/?post_type=product&#038;p=100"},"modified":"2025-03-28T17:56:38","modified_gmt":"2025-03-28T15:56:38","slug":"revista-stiintatehnica-numarul-102","status":"publish","type":"product","link":"https:\/\/stiintasitehnica.com\/shop\/produs\/revista-stiintatehnica-numarul-102\/","title":{"rendered":"Revista Stiinta&#038;Tehnica numarul 102"},"content":{"rendered":"<div class=\"col s12 m8 center\"><span class=\"inlineblock grey-text text-darken-1\">ISBN: 1220\u20116555<\/span><\/div>\n<div class=\"col s12 m8 center\"><span class=\"inlineblock grey-text text-darken-1\">Alexandru Mironov: Make America GREAT AGAIN; Claudiu Andone: PROTOTIPURI;C\u0103t\u0103lin Beldea: CALENDAR ASTRONOMIC 2021; C\u0103t\u0103lin Beldea: ECLIPSA PANDEMIE; Claudiu Andone: CASA INTELIGENT\u0102; C\u0103t\u0103lina Pop: NATIVII DIGITAL \u0218I SOCIETATEA SOLAR\u0102; C\u0103t\u0103lina Curceanu: EXPERIMENTELE DE LA GRAN SASSO; Cristi Grigore: ANCESTORS: The Humankind Odyssey;Cristian Presura \u0219i Radu Ungureanu: CYBERPUNK;Cristian Rom\u00e2n: EXPLOZII NUCLEARE PA\u0218NICE; Andrei Doroban\u021bu: P\u0102RIN\u021aII FONDATORI; Cristian Rom\u00e2n: SEMNAL EXTRATERESTRU?; Dumitru Dorin Prunariu: VIZIONARII COSMIC; Claudiu T\u0103n\u0103selia: CHANG\u2019E-5; Bogdan Iv\u0103nescu: VACCINUL NOSTRU CEL DE TOATE ZILELE;Dan Pere\u021bianu: LEUCEMII, VIRUSURI \u0218I VACCINURI; Carol Florea: ELICOPTERELE DE LUPT\u0102 ALE VIITORULUI; Marian Tru\u021b\u0103: Preludiu pentru VOSTOK; Ana Maria Negril\u0103: URIA\u0218II DIN \u021aARA LUANEI; Adrian B\u0103nu\u021b\u0103: DOMNU TR@NDAFIR; Andreea Paul: \u0218COALA \u00ceN 2050; Dan Farca\u0219: ILUZIA LAPLACEIAN\u0102; Cristian Roman: Pseudo\u0219tiin\u021ba \u00een pandemie; Alexandru Mironov: DESCHIDE CARTEA<\/span><\/div>\n","protected":false},"excerpt":{"rendered":"<p>ISBN: 1220\u20116555 Alexandru Mironov: Make America GREAT AGAIN; Claudiu Andone: PROTOTIPURI;C\u0103t\u0103lin Beldea: CALENDAR ASTRONOMIC 2021; C\u0103t\u0103lin Beldea: ECLIPSA PANDEMIE; Claudiu Andone: CASA INTELIGENT\u0102; C\u0103t\u0103lina Pop: NATIVII DIGITAL \u0218I SOCIETATEA SOLAR\u0102; C\u0103t\u0103lina Curceanu: EXPERIMENTELE DE LA GRAN SASSO; Cristi Grigore: ANCESTORS: The Humankind Odyssey;Cristian Presura \u0219i Radu Ungureanu: CYBERPUNK;Cristian Rom\u00e2n: EXPLOZII NUCLEARE PA\u0218NICE; Andrei Doroban\u021bu: P\u0102RIN\u021aII [&hellip;]<\/p>\n","protected":false},"featured_media":101,"comment_status":"open","ping_status":"closed","template":"","meta":[],"product_brand":[25],"product_cat":[28],"product_tag":[],"class_list":{"0":"post-100","1":"product","2":"type-product","3":"status-publish","4":"has-post-thumbnail","6":"product_brand-stiintatehnica","7":"product_cat-revista-stiintatehnica-online","9":"first","10":"instock","11":"shipping-taxable","12":"product-type-external"},"jetpack_sharing_enabled":true,"_links":{"self":[{"href":"https:\/\/stiintasitehnica.com\/shop\/wp-json\/wp\/v2\/product\/100","targetHints":{"allow":["GET"]}}],"collection":[{"href":"https:\/\/stiintasitehnica.com\/shop\/wp-json\/wp\/v2\/product"}],"about":[{"href":"https:\/\/stiintasitehnica.com\/shop\/wp-json\/wp\/v2\/types\/product"}],"replies":[{"embeddable":true,"href":"https:\/\/stiintasitehnica.com\/shop\/wp-json\/wp\/v2\/comments?post=100"}],"wp:featuredmedia":[{"embeddable":true,"href":"https:\/\/stiintasitehnica.com\/shop\/wp-json\/wp\/v2\/media\/101"}],"wp:attachment":[{"href":"https:\/\/stiintasitehnica.com\/shop\/wp-json\/wp\/v2\/media?parent=100"}],"wp:term":[{"taxonomy":"product_brand","embeddable":true,"href":"https:\/\/stiintasitehnica.com\/shop\/wp-json\/wp\/v2\/product_brand?post=100"},{"taxonomy":"product_cat","embeddable":true,"href":"https:\/\/stiintasitehnica.com\/shop\/wp-json\/wp\/v2\/product_cat?post=100"},{"taxonomy":"product_tag","embeddable":true,"href":"https:\/\/stiintasitehnica.com\/shop\/wp-json\/wp\/v2\/product_tag?post=100"}],"curies":[{"name":"wp","href":"https:\/\/api.w.org\/{rel}","templated":true}]}}