{"id":102,"date":"2025-03-28T17:22:39","date_gmt":"2025-03-28T15:22:39","guid":{"rendered":"https:\/\/stiintasitehnica.com\/shop\/?post_type=product&#038;p=102"},"modified":"2025-03-28T17:22:39","modified_gmt":"2025-03-28T15:22:39","slug":"revista-stiintatehnica-numarul-101","status":"publish","type":"product","link":"https:\/\/stiintasitehnica.com\/shop\/produs\/revista-stiintatehnica-numarul-101\/","title":{"rendered":"Revista Stiinta&#038;Tehnica numarul 101"},"content":{"rendered":"<div class=\"col s12 m8 center\"><span class=\"inlineblock grey-text text-darken-1\">ISBN: 1220\u20116555<\/span><\/div>\n<div class=\"col s12 m8 center\"><span class=\"inlineblock grey-text text-darken-1\">Alexandru Mironov: Un m\u0103nunchi de bi\u021bi sentimentali \/ Adrian B\u0103nu\u021b\u0103: Lansarea num\u0103rului 100 \/ Cristina Ghidoveanu: Un joc serios \/ Sandra Paul: Prima mea cuv\u00e2ntare la Academia Rom\u00e2n\u0103 \/ Daniela Mironov: Enciclopedia digitala 1918 \/ 1949 TARNAVA \u2013 \u00eemplete\u0219te croitoria cu tehnologia \/ Claudiu Andone: Casa din bolovan \/ Bogdan Vreja: Terraformarea planetei Marte \/ C\u0103t\u0103lin Beldea: Raliul Bucegi-Marte \/ Steaua de la Betleem \/ Cristian Presur\u0103: Poveste de iarn\u0103 \/ Claudiu Andone: Prototipur \/ Vl\u0103du\u021b Dobo\u0219: Drone care planteaz\u0103 copaci \/ Sorin Cebotari: Urmeaz\u0103 sta\u021bia&#8230; epoca hidrogenului \/ Carpat Energy: Kiturile solare pentru iriga\u021bii \/ Andrei Doroban\u021bu: Fizica 2020 \/ DOSAR ST: Retrospectiva anului 2020 \u00een \u0219tiin\u021b\u0103 &#8211; Cristian Rom\u00e2n: EXPLORARE SPA\u021aIAL\u0102, FIZIC\u0102, ASTROFIZIC\u0102, EXOBIOLOGIE \/ Cristian Presur\u0103: astronomie \/ Claudiu T\u0103n\u0103selia: Programul spa\u021bial iranian \/ Bogdan Iv\u0103nescu: Anticorpii monoclonali \/ Vaccinuri anti-Covid cu eficien\u021b\u0103 de 90% \/ Marian Tru\u021b\u0103: Anul Geofizic Interna\u021bional \/ Ana Maria Negril\u0103: T\u0103cerea Enisalei \/ Claudia BORZEA: Sabia laser, de la SF la realitate \/ Sabin Florea: Laserul contraatac\u0103 \/ Alexandru Mironov: Proiecte planetare \/ Andreea Paul: Al cincilea val tehnologic \/ Dan Farca\u0219: Cunoa\u0219tere finit\u0103 sau infinit\u0103 \/ Cristian Rom\u00e2n: Pandemia \u0219i dezinformarea \/ Alexandru Mironov: Deschide cartea<\/span><\/div>\n","protected":false},"excerpt":{"rendered":"<p>ISBN: 1220\u20116555 Alexandru Mironov: Un m\u0103nunchi de bi\u021bi sentimentali \/ Adrian B\u0103nu\u021b\u0103: Lansarea num\u0103rului 100 \/ Cristina Ghidoveanu: Un joc serios \/ Sandra Paul: Prima mea cuv\u00e2ntare la Academia Rom\u00e2n\u0103 \/ Daniela Mironov: Enciclopedia digitala 1918 \/ 1949 TARNAVA \u2013 \u00eemplete\u0219te croitoria cu tehnologia \/ Claudiu Andone: Casa din bolovan \/ Bogdan Vreja: Terraformarea planetei [&hellip;]<\/p>\n","protected":false},"featured_media":103,"comment_status":"open","ping_status":"closed","template":"","meta":[],"product_brand":[25],"product_cat":[28],"product_tag":[],"class_list":{"0":"post-102","1":"product","2":"type-product","3":"status-publish","4":"has-post-thumbnail","6":"product_brand-stiintatehnica","7":"product_cat-revista-stiintatehnica-online","9":"first","10":"instock","11":"shipping-taxable","12":"product-type-external"},"jetpack_sharing_enabled":true,"_links":{"self":[{"href":"https:\/\/stiintasitehnica.com\/shop\/wp-json\/wp\/v2\/product\/102","targetHints":{"allow":["GET"]}}],"collection":[{"href":"https:\/\/stiintasitehnica.com\/shop\/wp-json\/wp\/v2\/product"}],"about":[{"href":"https:\/\/stiintasitehnica.com\/shop\/wp-json\/wp\/v2\/types\/product"}],"replies":[{"embeddable":true,"href":"https:\/\/stiintasitehnica.com\/shop\/wp-json\/wp\/v2\/comments?post=102"}],"wp:featuredmedia":[{"embeddable":true,"href":"https:\/\/stiintasitehnica.com\/shop\/wp-json\/wp\/v2\/media\/103"}],"wp:attachment":[{"href":"https:\/\/stiintasitehnica.com\/shop\/wp-json\/wp\/v2\/media?parent=102"}],"wp:term":[{"taxonomy":"product_brand","embeddable":true,"href":"https:\/\/stiintasitehnica.com\/shop\/wp-json\/wp\/v2\/product_brand?post=102"},{"taxonomy":"product_cat","embeddable":true,"href":"https:\/\/stiintasitehnica.com\/shop\/wp-json\/wp\/v2\/product_cat?post=102"},{"taxonomy":"product_tag","embeddable":true,"href":"https:\/\/stiintasitehnica.com\/shop\/wp-json\/wp\/v2\/product_tag?post=102"}],"curies":[{"name":"wp","href":"https:\/\/api.w.org\/{rel}","templated":true}]}}