{"id":105,"date":"2025-03-28T17:24:04","date_gmt":"2025-03-28T15:24:04","guid":{"rendered":"https:\/\/stiintasitehnica.com\/shop\/?post_type=product&#038;p=105"},"modified":"2025-03-28T17:24:04","modified_gmt":"2025-03-28T15:24:04","slug":"revista-stiintatehnica-numarul-100","status":"publish","type":"product","link":"https:\/\/stiintasitehnica.com\/shop\/produs\/revista-stiintatehnica-numarul-100\/","title":{"rendered":"Revista Stiinta&#038;Tehnica numarul 100"},"content":{"rendered":"<div class=\"col s12 m8 center\"><span class=\"inlineblock grey-text text-darken-1\">ISBN: ISSN 1220\u20116555<\/span><\/div>\n<div class=\"col s12 m8 center\"><span class=\"inlineblock grey-text text-darken-1\">\u00cen num\u0103rul 100 al revistei \u0218tiin\u021b\u0103&amp;Tehnic\u0103 pute\u021bi citi: Ikigai, fericirea de a fi ocupat&#8230;; Cocktailul minune ce combate Ebola; Actualit\u0103\u021bi din lumea print\u0103rii multi-dimensionale; BAZELE LUNARE VOR FI IMPRIMATE; Bucure\u0219ti-Henge; DOSAR ST \u2013 \u0218TIIN\u021a\u0102&amp;IMAGINA\u021aIE: Seniorii \u0219tiin\u021bei&amp;anticipa\u021biei: De la Nobel la imperiile lui Asimov, Bradbury \u0219i Herbert; DE CE A E\u0218UAT HIDROXICLOROCHINA? Via\u021b\u0103 \u00een norii venusieni?; Prima planet\u0103 artificial\u0103; B\u0103t\u0103lie \u00een cer; Algoritmul pisicii; Pandemia \u0219i dezinformarea <\/span><\/div>\n","protected":false},"excerpt":{"rendered":"<p>ISBN: ISSN 1220\u20116555 \u00cen num\u0103rul 100 al revistei \u0218tiin\u021b\u0103&amp;Tehnic\u0103 pute\u021bi citi: Ikigai, fericirea de a fi ocupat&#8230;; Cocktailul minune ce combate Ebola; Actualit\u0103\u021bi din lumea print\u0103rii multi-dimensionale; BAZELE LUNARE VOR FI IMPRIMATE; Bucure\u0219ti-Henge; DOSAR ST \u2013 \u0218TIIN\u021a\u0102&amp;IMAGINA\u021aIE: Seniorii \u0219tiin\u021bei&amp;anticipa\u021biei: De la Nobel la imperiile lui Asimov, Bradbury \u0219i Herbert; DE CE A E\u0218UAT HIDROXICLOROCHINA? Via\u021b\u0103 [&hellip;]<\/p>\n","protected":false},"featured_media":106,"comment_status":"open","ping_status":"closed","template":"","meta":[],"product_brand":[25],"product_cat":[28],"product_tag":[],"class_list":{"0":"post-105","1":"product","2":"type-product","3":"status-publish","4":"has-post-thumbnail","6":"product_brand-stiintatehnica","7":"product_cat-revista-stiintatehnica-online","9":"first","10":"instock","11":"shipping-taxable","12":"product-type-external"},"jetpack_sharing_enabled":true,"_links":{"self":[{"href":"https:\/\/stiintasitehnica.com\/shop\/wp-json\/wp\/v2\/product\/105","targetHints":{"allow":["GET"]}}],"collection":[{"href":"https:\/\/stiintasitehnica.com\/shop\/wp-json\/wp\/v2\/product"}],"about":[{"href":"https:\/\/stiintasitehnica.com\/shop\/wp-json\/wp\/v2\/types\/product"}],"replies":[{"embeddable":true,"href":"https:\/\/stiintasitehnica.com\/shop\/wp-json\/wp\/v2\/comments?post=105"}],"wp:featuredmedia":[{"embeddable":true,"href":"https:\/\/stiintasitehnica.com\/shop\/wp-json\/wp\/v2\/media\/106"}],"wp:attachment":[{"href":"https:\/\/stiintasitehnica.com\/shop\/wp-json\/wp\/v2\/media?parent=105"}],"wp:term":[{"taxonomy":"product_brand","embeddable":true,"href":"https:\/\/stiintasitehnica.com\/shop\/wp-json\/wp\/v2\/product_brand?post=105"},{"taxonomy":"product_cat","embeddable":true,"href":"https:\/\/stiintasitehnica.com\/shop\/wp-json\/wp\/v2\/product_cat?post=105"},{"taxonomy":"product_tag","embeddable":true,"href":"https:\/\/stiintasitehnica.com\/shop\/wp-json\/wp\/v2\/product_tag?post=105"}],"curies":[{"name":"wp","href":"https:\/\/api.w.org\/{rel}","templated":true}]}}