{"id":107,"date":"2025-03-28T17:25:49","date_gmt":"2025-03-28T15:25:49","guid":{"rendered":"https:\/\/stiintasitehnica.com\/shop\/?post_type=product&#038;p=107"},"modified":"2025-03-28T17:53:35","modified_gmt":"2025-03-28T15:53:35","slug":"revista-stiintatehnica-numarul103","status":"publish","type":"product","link":"https:\/\/stiintasitehnica.com\/shop\/produs\/revista-stiintatehnica-numarul103\/","title":{"rendered":"Revista Stiinta&#038;Tehnica numarul 103"},"content":{"rendered":"<div class=\"col s12 m8 center\"><span class=\"inlineblock bold-light grey-text text-darken-2 purchase-link-title\">S&amp;T 103-\u02ddDIGI<\/span><\/div>\n<div class=\"col s12 m8 center\"><span class=\"inlineblock grey-text text-darken-1\">ISBN: ISSN 1220\u20116555<\/span><\/div>\n<div class=\"col s12 m8 center\"><span class=\"inlineblock grey-text text-darken-1\">Alexandru Mironov: \u00cent\u00e2mpl\u0103ri din Galaxia mea Cristian Roman: NEWS Vl\u0103du\u021b Dobo\u0219: PROTOTIPURI IIT SIMAVI: MAGNETO, sistemul de prevenire \u0219i investigare a criminalit\u0103\u0163ii C\u0103t\u0103lin Beldea: CALENDAR ASTRONOMIC 2021 \/ Doamnele lui Jupiter Cristian Rom\u00e2n: Hedy Lamarr \u0219i telefonia mobil\u0103 Adrian B\u0103nu\u021b\u0103: Plantele care lumineaz\u0103 C\u0103t\u0103lina Curceanu: Timpul \u00eentr-un flux de neutrini Claudia BORZEA: Hidrogenul \u2013 surs\u0103 alternativ\u0103 \u0219i regenerabil\u0103 Cristian Roman: Explozii nucleare pa\u0219nice Carol Florea: Protec\u021bii active pentru tancuri Bogdan Iv\u0103nescu: IMPOTEN\u021aA \u2013 de la psihic, la organic Claudiu T\u0103n\u0103selia: Asaltul mar\u021bian Cristian Presur\u0103: Cum se va sf\u00e2r\u0219i Universul Alexandru Mironov: Proiecte planetare Ana-Maria Negril\u0103: Trei cet\u0103\u021bi \u0219i jum\u0103tate Marian Tru\u021b\u0103: Primul cosmonaut Gabriel Grecescu: Grand Chess Tour 2021 Cristi Grigore: Outer Wilds Adrian B\u0103nu\u021b\u0103 \u0219i Luca Istodor: Natur\u0103 moart\u0103 pe Facebook cu dopamin\u0103 Andrei TOMA: Concursul NEXTLAB.TECH Domnul Diod\u0103: Aproape totul despre Arduino Constantin Fer\u0219eta: Cum am ajuns la Facultate cu copilul cel mic Dan Farca\u0219: Fenomenele voluntare Cristian Roman: Pandemia pe Facebook C\u0103t\u0103lin Borangic: De la astrologie la dacomanie<\/span><\/div>\n","protected":false},"excerpt":{"rendered":"<p>S&amp;T 103-\u02ddDIGI ISBN: ISSN 1220\u20116555 Alexandru Mironov: \u00cent\u00e2mpl\u0103ri din Galaxia mea Cristian Roman: NEWS Vl\u0103du\u021b Dobo\u0219: PROTOTIPURI IIT SIMAVI: MAGNETO, sistemul de prevenire \u0219i investigare a criminalit\u0103\u0163ii C\u0103t\u0103lin Beldea: CALENDAR ASTRONOMIC 2021 \/ Doamnele lui Jupiter Cristian Rom\u00e2n: Hedy Lamarr \u0219i telefonia mobil\u0103 Adrian B\u0103nu\u021b\u0103: Plantele care lumineaz\u0103 C\u0103t\u0103lina Curceanu: Timpul \u00eentr-un flux de neutrini [&hellip;]<\/p>\n","protected":false},"featured_media":108,"comment_status":"open","ping_status":"closed","template":"","meta":[],"product_brand":[25],"product_cat":[28],"product_tag":[],"class_list":{"0":"post-107","1":"product","2":"type-product","3":"status-publish","4":"has-post-thumbnail","6":"product_brand-stiintatehnica","7":"product_cat-revista-stiintatehnica-online","9":"first","10":"instock","11":"shipping-taxable","12":"product-type-external"},"jetpack_sharing_enabled":true,"_links":{"self":[{"href":"https:\/\/stiintasitehnica.com\/shop\/wp-json\/wp\/v2\/product\/107","targetHints":{"allow":["GET"]}}],"collection":[{"href":"https:\/\/stiintasitehnica.com\/shop\/wp-json\/wp\/v2\/product"}],"about":[{"href":"https:\/\/stiintasitehnica.com\/shop\/wp-json\/wp\/v2\/types\/product"}],"replies":[{"embeddable":true,"href":"https:\/\/stiintasitehnica.com\/shop\/wp-json\/wp\/v2\/comments?post=107"}],"wp:featuredmedia":[{"embeddable":true,"href":"https:\/\/stiintasitehnica.com\/shop\/wp-json\/wp\/v2\/media\/108"}],"wp:attachment":[{"href":"https:\/\/stiintasitehnica.com\/shop\/wp-json\/wp\/v2\/media?parent=107"}],"wp:term":[{"taxonomy":"product_brand","embeddable":true,"href":"https:\/\/stiintasitehnica.com\/shop\/wp-json\/wp\/v2\/product_brand?post=107"},{"taxonomy":"product_cat","embeddable":true,"href":"https:\/\/stiintasitehnica.com\/shop\/wp-json\/wp\/v2\/product_cat?post=107"},{"taxonomy":"product_tag","embeddable":true,"href":"https:\/\/stiintasitehnica.com\/shop\/wp-json\/wp\/v2\/product_tag?post=107"}],"curies":[{"name":"wp","href":"https:\/\/api.w.org\/{rel}","templated":true}]}}