{"id":116,"date":"2025-03-28T17:32:02","date_gmt":"2025-03-28T15:32:02","guid":{"rendered":"https:\/\/stiintasitehnica.com\/shop\/?post_type=product&#038;p=116"},"modified":"2025-03-28T17:32:02","modified_gmt":"2025-03-28T15:32:02","slug":"revista-stiintatehnica-numarul-110","status":"publish","type":"product","link":"https:\/\/stiintasitehnica.com\/shop\/produs\/revista-stiintatehnica-numarul-110\/","title":{"rendered":"Revista Stiinta&#038;Tehnica numarul 110"},"content":{"rendered":"<div class=\"col s12 m8 center\"><span class=\"inlineblock bold-light grey-text text-darken-2 purchase-link-title\">S&amp;T110-digi<\/span><\/div>\n<div class=\"col s12 m8 center\"><span class=\"inlineblock grey-text text-darken-1\">ISBN: ISSN 1220\u20116555<\/span><\/div>\n<div class=\"col s12 m8 center\"><span class=\"inlineblock grey-text text-darken-1\">Alexandru Mironov: Despre un canal-fantom\u0103 \u0219i alte minunate proiecte \u2022 Claudiu Andone: PROTOTIPURI \u2022 ogdan Mih\u0103ilescu: MATRIX \u2013 RENA\u0218TEREA \u2022 Cine a inventat anima\u021bia (3) \u2022 Claudiu Andone: Cele mai puternice arme din filmele SF \u2022 Carol Florea: Fibre inteligente \u2022 l. Vladimirescu: De la Terminator la&#8230; Bryopsis \u2022 Cristian Presur\u0103: Fuziunea controlat\u0103 \u2022 Eden Mamut: Materiale nanostructurate \u0219i nanotehnologii \u2022 Cristian Rom\u00e2n \u0219i Andrei Doroban\u021bu: DOSAR NOBEL 2021 \u2022 C\u0103t\u0103lin Beldea: Observa\u021bii astronomice pe timp de zi \u2022 Claudiu T\u0103n\u0103selia: Cronici orbitale \u2022 Abibula Aygun: Centrifug\u0103 medical\u0103 de 20 de cen\u021bi \u2022 Bogdan Iv\u0103nescu: De ce nu pot fi comparate vaccinurile anticovid-19 \u2022 Claudiu Andone: Casa inteligent\u0103 \u2022 Gabriel Grecescu: Performan\u021ba \u00een \u0219ah \u2022 Iulian Mare\u0219: Robotic\u0103 la Fierbin\u021bi \u2022 Bogdan Botezatu: REvil \u2022 Cornel Laz\u0103r: TangleBot \u2022 Alexandru Mironov: Proiecte planetare \u2022 Ana-Maria Negril\u0103: Dou\u0103 zile \u00een Dobrogea \u2022 Marian Tru\u021b\u0103: Cosmonautica \u2022 Dan Farca\u0219: Schimbarea de paradigm\u0103 \u2022 Cristian Roman: Cum s\u0103 ne document\u0103m, \u00een pandemie<\/span><\/div>\n","protected":false},"excerpt":{"rendered":"<p>S&amp;T110-digi ISBN: ISSN 1220\u20116555 Alexandru Mironov: Despre un canal-fantom\u0103 \u0219i alte minunate proiecte \u2022 Claudiu Andone: PROTOTIPURI \u2022 ogdan Mih\u0103ilescu: MATRIX \u2013 RENA\u0218TEREA \u2022 Cine a inventat anima\u021bia (3) \u2022 Claudiu Andone: Cele mai puternice arme din filmele SF \u2022 Carol Florea: Fibre inteligente \u2022 l. Vladimirescu: De la Terminator la&#8230; Bryopsis \u2022 Cristian Presur\u0103: [&hellip;]<\/p>\n","protected":false},"featured_media":117,"comment_status":"open","ping_status":"closed","template":"","meta":[],"product_brand":[25],"product_cat":[28],"product_tag":[],"class_list":{"0":"post-116","1":"product","2":"type-product","3":"status-publish","4":"has-post-thumbnail","6":"product_brand-stiintatehnica","7":"product_cat-revista-stiintatehnica-online","9":"first","10":"instock","11":"shipping-taxable","12":"product-type-external"},"jetpack_sharing_enabled":true,"_links":{"self":[{"href":"https:\/\/stiintasitehnica.com\/shop\/wp-json\/wp\/v2\/product\/116","targetHints":{"allow":["GET"]}}],"collection":[{"href":"https:\/\/stiintasitehnica.com\/shop\/wp-json\/wp\/v2\/product"}],"about":[{"href":"https:\/\/stiintasitehnica.com\/shop\/wp-json\/wp\/v2\/types\/product"}],"replies":[{"embeddable":true,"href":"https:\/\/stiintasitehnica.com\/shop\/wp-json\/wp\/v2\/comments?post=116"}],"wp:featuredmedia":[{"embeddable":true,"href":"https:\/\/stiintasitehnica.com\/shop\/wp-json\/wp\/v2\/media\/117"}],"wp:attachment":[{"href":"https:\/\/stiintasitehnica.com\/shop\/wp-json\/wp\/v2\/media?parent=116"}],"wp:term":[{"taxonomy":"product_brand","embeddable":true,"href":"https:\/\/stiintasitehnica.com\/shop\/wp-json\/wp\/v2\/product_brand?post=116"},{"taxonomy":"product_cat","embeddable":true,"href":"https:\/\/stiintasitehnica.com\/shop\/wp-json\/wp\/v2\/product_cat?post=116"},{"taxonomy":"product_tag","embeddable":true,"href":"https:\/\/stiintasitehnica.com\/shop\/wp-json\/wp\/v2\/product_tag?post=116"}],"curies":[{"name":"wp","href":"https:\/\/api.w.org\/{rel}","templated":true}]}}