{"id":118,"date":"2025-03-28T17:33:38","date_gmt":"2025-03-28T15:33:38","guid":{"rendered":"https:\/\/stiintasitehnica.com\/shop\/?post_type=product&#038;p=118"},"modified":"2025-03-28T17:33:38","modified_gmt":"2025-03-28T15:33:38","slug":"revista-stiintatehnica-numarul-111","status":"publish","type":"product","link":"https:\/\/stiintasitehnica.com\/shop\/produs\/revista-stiintatehnica-numarul-111\/","title":{"rendered":"Revista Stiinta&#038;Tehnica numarul 111"},"content":{"rendered":"<div class=\"col s12 m8 center\"><span class=\"inlineblock bold-light grey-text text-darken-2 purchase-link-title\">S&amp;T 111-digi<\/span><\/div>\n<div class=\"col s12 m8 center\"><span class=\"inlineblock grey-text text-darken-1\">ISBN: ISSN 1220\u20116555<\/span><\/div>\n<div class=\"col s12 m8 center\"><span class=\"inlineblock grey-text text-darken-1\">Alexandru Mironov: Scurt\u0103 istorie \u2022 Adrian B\u0103nu\u021b\u0103: Despre S\u0103rb\u0103tori, Familie, Prieteni \u0219i bucuria lucrurilor bune \u2022 Claudiu Andone: PROTOTIPURI \u2022 Bogdan Iv\u0103nescu: EXPO DUBAI 2020Claudiu Andone: PROTOTIPURI \u2022 Claudiu Andone: Cele mai importante inven\u021bii ale secolului XXI \u2022 SIMAVI: Diagnosticul urologic \u00een era digital\u0103 \u2022 Cristian Presur\u0103: Materia \u00eentunecat\u0103 \u2022 Cristian Rom\u00e2n: Centrale nucleare modulare \u2022 Ioan I. Ursu \u0219i Andrei Doroban\u021bu: Profesorul Horia Hulubei \u2022Cristian Rom\u00e2n: Naveta spa\u021bial\u0103 sovietic\u0103 \u2022 C\u0103t\u0103lin Beldea: ASTRO EXPO 2021 \u2022 Claudiu T\u0103n\u0103selia: Cronici orbitale \u2022 Petre Roman: Impredictibilitatea climatic\u0103 \u2022 Alexandru Mironov: Proiecte planetare \u2022 Carol Florea: C\u00e2inii r\u0103zboiului \u2022 C\u0103t\u0103lin Beldea: C\u0103l\u0103torie la cap\u0103tul p\u0103m\u00e2ntului \u2022 20 de ani de Bitdefender \u2022Ana-Maria Negril\u0103: Dou\u0103 zile \u00een Dobrogea \u2022 Dan Farca\u0219: Manifest pentru o \u0219tiin\u021b\u0103 postmaterialist\u0103 \u2022 Andrada Popa: Minunea \u0219ahului rom\u00e2nesc \u2022 Cristian Rom\u00e2n: Istoria mi\u0219c\u0103rii antivaccin \u2022 Alexandru Mironov: Deschide cartea<\/span><\/div>\n","protected":false},"excerpt":{"rendered":"<p>S&amp;T 111-digi ISBN: ISSN 1220\u20116555 Alexandru Mironov: Scurt\u0103 istorie \u2022 Adrian B\u0103nu\u021b\u0103: Despre S\u0103rb\u0103tori, Familie, Prieteni \u0219i bucuria lucrurilor bune \u2022 Claudiu Andone: PROTOTIPURI \u2022 Bogdan Iv\u0103nescu: EXPO DUBAI 2020Claudiu Andone: PROTOTIPURI \u2022 Claudiu Andone: Cele mai importante inven\u021bii ale secolului XXI \u2022 SIMAVI: Diagnosticul urologic \u00een era digital\u0103 \u2022 Cristian Presur\u0103: Materia \u00eentunecat\u0103 \u2022 [&hellip;]<\/p>\n","protected":false},"featured_media":119,"comment_status":"open","ping_status":"closed","template":"","meta":[],"product_brand":[25],"product_cat":[28],"product_tag":[],"class_list":{"0":"post-118","1":"product","2":"type-product","3":"status-publish","4":"has-post-thumbnail","6":"product_brand-stiintatehnica","7":"product_cat-revista-stiintatehnica-online","9":"first","10":"instock","11":"shipping-taxable","12":"product-type-external"},"jetpack_sharing_enabled":true,"_links":{"self":[{"href":"https:\/\/stiintasitehnica.com\/shop\/wp-json\/wp\/v2\/product\/118","targetHints":{"allow":["GET"]}}],"collection":[{"href":"https:\/\/stiintasitehnica.com\/shop\/wp-json\/wp\/v2\/product"}],"about":[{"href":"https:\/\/stiintasitehnica.com\/shop\/wp-json\/wp\/v2\/types\/product"}],"replies":[{"embeddable":true,"href":"https:\/\/stiintasitehnica.com\/shop\/wp-json\/wp\/v2\/comments?post=118"}],"wp:featuredmedia":[{"embeddable":true,"href":"https:\/\/stiintasitehnica.com\/shop\/wp-json\/wp\/v2\/media\/119"}],"wp:attachment":[{"href":"https:\/\/stiintasitehnica.com\/shop\/wp-json\/wp\/v2\/media?parent=118"}],"wp:term":[{"taxonomy":"product_brand","embeddable":true,"href":"https:\/\/stiintasitehnica.com\/shop\/wp-json\/wp\/v2\/product_brand?post=118"},{"taxonomy":"product_cat","embeddable":true,"href":"https:\/\/stiintasitehnica.com\/shop\/wp-json\/wp\/v2\/product_cat?post=118"},{"taxonomy":"product_tag","embeddable":true,"href":"https:\/\/stiintasitehnica.com\/shop\/wp-json\/wp\/v2\/product_tag?post=118"}],"curies":[{"name":"wp","href":"https:\/\/api.w.org\/{rel}","templated":true}]}}