{"id":121,"date":"2025-03-28T17:34:50","date_gmt":"2025-03-28T15:34:50","guid":{"rendered":"https:\/\/stiintasitehnica.com\/shop\/?post_type=product&#038;p=121"},"modified":"2025-03-28T17:34:50","modified_gmt":"2025-03-28T15:34:50","slug":"revista-stiintatehnica-numarul-112","status":"publish","type":"product","link":"https:\/\/stiintasitehnica.com\/shop\/produs\/revista-stiintatehnica-numarul-112\/","title":{"rendered":"Revista Stiinta&#038;Tehnica numarul 112"},"content":{"rendered":"<div class=\"col s12 m8 center\"><span class=\"inlineblock bold-light grey-text text-darken-2 purchase-link-title\">S&amp;T 112-digi<\/span><\/div>\n<div class=\"col s12 m8 center\"><span class=\"inlineblock grey-text text-darken-1\">ISBN: ISSN 1220\u20116555<\/span><\/div>\n<div class=\"col s12 m8 center\"><span class=\"inlineblock grey-text text-darken-1\">Alexandru Mironov: Electroavioane rom\u00e2ne\u0219ti \u2022 Adrian B\u0103nu\u021b\u0103: Consumer Electronics Show \u2022 Claudiu Andone: PROTOTIPURI \u2022 Claudiu Andone: Casa inteligent\u0103 \u2022 Eveniment: dr. Mioara Mincu \u2022 C\u0103t\u0103lin Beldea: Eclipsa de la cap\u0103tul lumii \u2022 C\u0103t\u0103lina Curceanu: Exist\u0103 extratere\u0219tri? \u2022 Cristian Rom\u00e2n: Reciclarea acumulatorilor \u2022 Cristian Presur\u0103: Bombele iadului \u2022 Bogdan Mih\u0103ilescu: Istoria anima\u021biei \u2022 Carol Florea: Solda\u021bii invizibili \u2022 Cristian Rom\u00e2n: Naveta spa\u021bial\u0103 sovietic\u0103 \u2022 Claudiu T\u0103n\u0103selia: Croniciorbitale \u2022 Bogdan Iv\u0103nescu: Inven\u021bii \u0219i descoperiri medicale \u2022 Cipurile neuromorfe \u2022 Gabriel Balbu\u0219: Ferma de minicreiere \u2022 Adrian B\u0103nu\u021b\u0103: Neuroni umani \u00eentr-un creier de \u0219oarece \u2022 Alexandru Mironov: Proiecte planetare \u2022 Alexandru Stermin: C\u0103l\u0103torie \u00een jurul g\u0103inu\u0219elor de balt\u0103 \u2022 Cristian Rom\u00e2n: \u0218tiri din cosmos \u2022 Ana-Maria Negril\u0103:La pas prin Amsterdam \u2022 Amenin\u021b\u0103ri cibernetice \u00een 2022 \u2022 Andreea Paul: Prognoze ale educa\u021biei \u2022 Cristian Rom\u00e2n: Istoria mi\u0219c\u0103rii antivaccin \u2022 Alexandru Mironov: Deschide cartea<\/span><\/div>\n","protected":false},"excerpt":{"rendered":"<p>S&amp;T 112-digi ISBN: ISSN 1220\u20116555 Alexandru Mironov: Electroavioane rom\u00e2ne\u0219ti \u2022 Adrian B\u0103nu\u021b\u0103: Consumer Electronics Show \u2022 Claudiu Andone: PROTOTIPURI \u2022 Claudiu Andone: Casa inteligent\u0103 \u2022 Eveniment: dr. Mioara Mincu \u2022 C\u0103t\u0103lin Beldea: Eclipsa de la cap\u0103tul lumii \u2022 C\u0103t\u0103lina Curceanu: Exist\u0103 extratere\u0219tri? \u2022 Cristian Rom\u00e2n: Reciclarea acumulatorilor \u2022 Cristian Presur\u0103: Bombele iadului \u2022 Bogdan Mih\u0103ilescu: [&hellip;]<\/p>\n","protected":false},"featured_media":122,"comment_status":"open","ping_status":"closed","template":"","meta":[],"product_brand":[25],"product_cat":[28],"product_tag":[],"class_list":{"0":"post-121","1":"product","2":"type-product","3":"status-publish","4":"has-post-thumbnail","6":"product_brand-stiintatehnica","7":"product_cat-revista-stiintatehnica-online","9":"first","10":"instock","11":"shipping-taxable","12":"product-type-external"},"jetpack_sharing_enabled":true,"_links":{"self":[{"href":"https:\/\/stiintasitehnica.com\/shop\/wp-json\/wp\/v2\/product\/121","targetHints":{"allow":["GET"]}}],"collection":[{"href":"https:\/\/stiintasitehnica.com\/shop\/wp-json\/wp\/v2\/product"}],"about":[{"href":"https:\/\/stiintasitehnica.com\/shop\/wp-json\/wp\/v2\/types\/product"}],"replies":[{"embeddable":true,"href":"https:\/\/stiintasitehnica.com\/shop\/wp-json\/wp\/v2\/comments?post=121"}],"wp:featuredmedia":[{"embeddable":true,"href":"https:\/\/stiintasitehnica.com\/shop\/wp-json\/wp\/v2\/media\/122"}],"wp:attachment":[{"href":"https:\/\/stiintasitehnica.com\/shop\/wp-json\/wp\/v2\/media?parent=121"}],"wp:term":[{"taxonomy":"product_brand","embeddable":true,"href":"https:\/\/stiintasitehnica.com\/shop\/wp-json\/wp\/v2\/product_brand?post=121"},{"taxonomy":"product_cat","embeddable":true,"href":"https:\/\/stiintasitehnica.com\/shop\/wp-json\/wp\/v2\/product_cat?post=121"},{"taxonomy":"product_tag","embeddable":true,"href":"https:\/\/stiintasitehnica.com\/shop\/wp-json\/wp\/v2\/product_tag?post=121"}],"curies":[{"name":"wp","href":"https:\/\/api.w.org\/{rel}","templated":true}]}}