{"id":123,"date":"2025-03-28T17:36:05","date_gmt":"2025-03-28T15:36:05","guid":{"rendered":"https:\/\/stiintasitehnica.com\/shop\/?post_type=product&#038;p=123"},"modified":"2025-03-28T17:36:05","modified_gmt":"2025-03-28T15:36:05","slug":"revista-stiintatehnica-numarul-113","status":"publish","type":"product","link":"https:\/\/stiintasitehnica.com\/shop\/produs\/revista-stiintatehnica-numarul-113\/","title":{"rendered":"Revista Stiinta&#038;Tehnica numarul 113"},"content":{"rendered":"<div class=\"col s12 m8 center\"><span class=\"inlineblock bold-light grey-text text-darken-2 purchase-link-title\">S&amp;T 113-digi<\/span><\/div>\n<div class=\"col s12 m8 center\"><span class=\"inlineblock grey-text text-darken-1\">ISBN: ISSN 1220\u20116555<\/span><\/div>\n<div class=\"col s12 m8 center\"><span class=\"inlineblock grey-text text-darken-1\">Alexandru Mironov: Legea numerelor mari \u2022 C\u0103t\u0103lin Beldea: Calendar astronomic \u2022 PROTOTIPURI \u2022 Oana Mihaescu: \u0218coli s\u0103n\u0103toase \u2022 Claudiu Andone: Casa inteligent\u0103 \u2022 Adrian B\u0103nu\u021b\u0103: AMASS \u2013 solu\u021bii pentru anul 2045 \u2022 Drago\u0219 Toma-D\u0103nil\u0103: Cronica unui cutremur anun\u021bat \u2022 Vlad Voinea: Metaversul \u2022 Adrian B\u0103nu\u021b\u0103 &amp; Natalia Grosu: Bebelu\u0219ii cosmici \u2022 Bogdan Mih\u0103ilescu: Istoria anima\u021biei \u2022 Carol Florea: Submarinele nucleare \u2022 COMBUSTIBILUL VIITORULUI \u2022 Cristian Roman: HYPATIA din Alexandria \u2022 Vlad Dobo\u0219: Cercet\u0103ri de grani\u021b\u0103 \u2022 C\u0103t\u0103lin Mosoia: CONEXIUNI \u2022 60 de ani de la ob\u021binerea laserului \u00een Rom\u00e2nia \u2022 Cristian Presur\u0103: PARKER \u2022 Claudiu T\u0103n\u0103selia: Croniciorbitale \u2022 Cristian Roman: Naveta spa\u021bial\u0103 sovietic\u0103 \u2022 Bogdan Iv\u0103nescu: MITURI MEDICALE \u2022 Alexandru Mironov: Proiecte planetare \u2022 Ana-Maria Negril\u0103: \u00cen vizit\u0103 la muzeu \u2022 Cristian Roman: Boala Nobel \u2022 Alexandru Mironov: Deschide cartea<\/span><\/div>\n","protected":false},"excerpt":{"rendered":"<p>S&amp;T 113-digi ISBN: ISSN 1220\u20116555 Alexandru Mironov: Legea numerelor mari \u2022 C\u0103t\u0103lin Beldea: Calendar astronomic \u2022 PROTOTIPURI \u2022 Oana Mihaescu: \u0218coli s\u0103n\u0103toase \u2022 Claudiu Andone: Casa inteligent\u0103 \u2022 Adrian B\u0103nu\u021b\u0103: AMASS \u2013 solu\u021bii pentru anul 2045 \u2022 Drago\u0219 Toma-D\u0103nil\u0103: Cronica unui cutremur anun\u021bat \u2022 Vlad Voinea: Metaversul \u2022 Adrian B\u0103nu\u021b\u0103 &amp; Natalia Grosu: Bebelu\u0219ii cosmici [&hellip;]<\/p>\n","protected":false},"featured_media":124,"comment_status":"open","ping_status":"closed","template":"","meta":[],"product_brand":[25],"product_cat":[28],"product_tag":[],"class_list":{"0":"post-123","1":"product","2":"type-product","3":"status-publish","4":"has-post-thumbnail","6":"product_brand-stiintatehnica","7":"product_cat-revista-stiintatehnica-online","9":"first","10":"instock","11":"shipping-taxable","12":"product-type-external"},"jetpack_sharing_enabled":true,"_links":{"self":[{"href":"https:\/\/stiintasitehnica.com\/shop\/wp-json\/wp\/v2\/product\/123","targetHints":{"allow":["GET"]}}],"collection":[{"href":"https:\/\/stiintasitehnica.com\/shop\/wp-json\/wp\/v2\/product"}],"about":[{"href":"https:\/\/stiintasitehnica.com\/shop\/wp-json\/wp\/v2\/types\/product"}],"replies":[{"embeddable":true,"href":"https:\/\/stiintasitehnica.com\/shop\/wp-json\/wp\/v2\/comments?post=123"}],"wp:featuredmedia":[{"embeddable":true,"href":"https:\/\/stiintasitehnica.com\/shop\/wp-json\/wp\/v2\/media\/124"}],"wp:attachment":[{"href":"https:\/\/stiintasitehnica.com\/shop\/wp-json\/wp\/v2\/media?parent=123"}],"wp:term":[{"taxonomy":"product_brand","embeddable":true,"href":"https:\/\/stiintasitehnica.com\/shop\/wp-json\/wp\/v2\/product_brand?post=123"},{"taxonomy":"product_cat","embeddable":true,"href":"https:\/\/stiintasitehnica.com\/shop\/wp-json\/wp\/v2\/product_cat?post=123"},{"taxonomy":"product_tag","embeddable":true,"href":"https:\/\/stiintasitehnica.com\/shop\/wp-json\/wp\/v2\/product_tag?post=123"}],"curies":[{"name":"wp","href":"https:\/\/api.w.org\/{rel}","templated":true}]}}