{"id":125,"date":"2025-03-28T17:37:09","date_gmt":"2025-03-28T15:37:09","guid":{"rendered":"https:\/\/stiintasitehnica.com\/shop\/?post_type=product&#038;p=125"},"modified":"2025-03-28T17:37:09","modified_gmt":"2025-03-28T15:37:09","slug":"revista-stiintatehnica-numarul-114","status":"publish","type":"product","link":"https:\/\/stiintasitehnica.com\/shop\/produs\/revista-stiintatehnica-numarul-114\/","title":{"rendered":"Revista Stiinta&#038;Tehnica numarul 114"},"content":{"rendered":"<div class=\"col s12 m8 center\"><span class=\"inlineblock bold-light grey-text text-darken-2 purchase-link-title\">S&amp;T114-digi<\/span><\/div>\n<div class=\"col s12 m8 center\"><span class=\"inlineblock grey-text text-darken-1\">ISBN: ISSN 1220\u20116555<\/span><\/div>\n<div class=\"col s12 m8 center\"><span class=\"inlineblock grey-text text-darken-1\">Alexandru Mironov: C\u00e2\u0219tig\u0103torul nu ia nimic \u2022 C\u0103t\u0103lin Mosoia: LA MUL\u021aI ANI ACADEMIEI NOASTRE! \u2022 Adrian B\u0103nu\u021b\u0103: Caravana \u0218tiin\u021b\u0103 &amp; Imagina\u021bie \u2022 C\u0103t\u0103lin Beldea: Calendar astronomic \u2022 PROTOTIPURI \u2022 Claudiu Andone: Casa inteligent\u0103 \u2022 M\u0103d\u0103linaa Nechifor: Energia solar\u0103 din Rom\u00e2nia \u2022 Adrian B\u0103nu\u021b\u0103: Aerul viitorului \u2022 Carol M\u0103linescu: 150 de cuvinte despre cei care nu cuv\u00e2nt\u0103 \u2022 Adrian B\u0103nu\u021b\u0103 &amp; Cornel Laz\u0103r: Cu drona la s\u0103pat \u2022 Cristian Rom\u00e2n: Printarea 3 D cu ajutorul laserului \u2022 Cristian Rom\u00e2n: O discu\u021bie cu Giordano Bruno \u2022 Bogdan Mih\u0103ilescu: Istoria anima\u021biei \u2022 Cristian Presur\u0103: Exoplanetele \u2022 Claudiu Andone: Civiliza\u021bii extraterestre \u2022 Cristian Rom\u00e2n: NEWS \u2022 Claudiu T\u0103n\u0103selia: Cronici orbitale \u2022 Bogdan Iv\u0103nescu: Bomba atomic\u0103 \u0219i iodul \u2022 Alexandru Mironov: Proiecte planetare \u2022 Carol Florea: Nimicitoarele arme din Ucraina \u2022 Ana-Maria Negril\u0103: \u00cen vizit\u0103 la muzeu \u2022 Cristian Rom\u00e2n: Dezinformarea \u00een vreme de r\u0103zboi \u2022 Alexandru Mironov: Deschide cartea <\/span><\/div>\n","protected":false},"excerpt":{"rendered":"<p>S&amp;T114-digi ISBN: ISSN 1220\u20116555 Alexandru Mironov: C\u00e2\u0219tig\u0103torul nu ia nimic \u2022 C\u0103t\u0103lin Mosoia: LA MUL\u021aI ANI ACADEMIEI NOASTRE! \u2022 Adrian B\u0103nu\u021b\u0103: Caravana \u0218tiin\u021b\u0103 &amp; Imagina\u021bie \u2022 C\u0103t\u0103lin Beldea: Calendar astronomic \u2022 PROTOTIPURI \u2022 Claudiu Andone: Casa inteligent\u0103 \u2022 M\u0103d\u0103linaa Nechifor: Energia solar\u0103 din Rom\u00e2nia \u2022 Adrian B\u0103nu\u021b\u0103: Aerul viitorului \u2022 Carol M\u0103linescu: 150 de cuvinte [&hellip;]<\/p>\n","protected":false},"featured_media":126,"comment_status":"open","ping_status":"closed","template":"","meta":[],"product_brand":[25],"product_cat":[28],"product_tag":[],"class_list":{"0":"post-125","1":"product","2":"type-product","3":"status-publish","4":"has-post-thumbnail","6":"product_brand-stiintatehnica","7":"product_cat-revista-stiintatehnica-online","9":"first","10":"instock","11":"shipping-taxable","12":"product-type-external"},"jetpack_sharing_enabled":true,"_links":{"self":[{"href":"https:\/\/stiintasitehnica.com\/shop\/wp-json\/wp\/v2\/product\/125","targetHints":{"allow":["GET"]}}],"collection":[{"href":"https:\/\/stiintasitehnica.com\/shop\/wp-json\/wp\/v2\/product"}],"about":[{"href":"https:\/\/stiintasitehnica.com\/shop\/wp-json\/wp\/v2\/types\/product"}],"replies":[{"embeddable":true,"href":"https:\/\/stiintasitehnica.com\/shop\/wp-json\/wp\/v2\/comments?post=125"}],"wp:featuredmedia":[{"embeddable":true,"href":"https:\/\/stiintasitehnica.com\/shop\/wp-json\/wp\/v2\/media\/126"}],"wp:attachment":[{"href":"https:\/\/stiintasitehnica.com\/shop\/wp-json\/wp\/v2\/media?parent=125"}],"wp:term":[{"taxonomy":"product_brand","embeddable":true,"href":"https:\/\/stiintasitehnica.com\/shop\/wp-json\/wp\/v2\/product_brand?post=125"},{"taxonomy":"product_cat","embeddable":true,"href":"https:\/\/stiintasitehnica.com\/shop\/wp-json\/wp\/v2\/product_cat?post=125"},{"taxonomy":"product_tag","embeddable":true,"href":"https:\/\/stiintasitehnica.com\/shop\/wp-json\/wp\/v2\/product_tag?post=125"}],"curies":[{"name":"wp","href":"https:\/\/api.w.org\/{rel}","templated":true}]}}