{"id":128,"date":"2025-03-28T17:38:16","date_gmt":"2025-03-28T15:38:16","guid":{"rendered":"https:\/\/stiintasitehnica.com\/shop\/?post_type=product&#038;p=128"},"modified":"2025-03-28T17:38:16","modified_gmt":"2025-03-28T15:38:16","slug":"revista-stiintatehnica-numarul-115","status":"publish","type":"product","link":"https:\/\/stiintasitehnica.com\/shop\/produs\/revista-stiintatehnica-numarul-115\/","title":{"rendered":"Revista Stiinta&#038;Tehnica numarul 115"},"content":{"rendered":"<div class=\"col s12 m8 center\"><span class=\"inlineblock bold-light grey-text text-darken-2 purchase-link-title\">S&amp;T115-Digi<\/span><\/div>\n<div class=\"col s12 m8 center\"><span class=\"inlineblock grey-text text-darken-1\">ISBN: ISSN 1220\u20116555<\/span><\/div>\n<div class=\"col s12 m8 center\"><span class=\"inlineblock grey-text text-darken-1\">Alexandru Mironov: Tribula\u021biile capitalismului \u2022 IN MEMORIAM \u2013 dr. Adrian Ristian \u2022 PROTOTIPURI \u2022 ASTROFEST 2022 \u2022 Vasile Chiril\u0103: Astronaviga\u021bia \u2022 Claudiu Andone: Scenarii apocaliptice \u2022 Cristian Presur\u0103: Pietre din cer \u2022 Bogdan Mih\u0103ilescu: Istoria anima\u021biei \u2022 AVANPREMIER\u0102 ASTROFEST 2022: Cei mai mari asteroizi \u2022 C\u0103t\u0103lin Beldea: Oculta\u021bii de zi \u0219i de noapte \u2022 Claudiu T\u0103n\u0103selia: Cronici orbitale \u2022 Carol Florea: Elicopter contra submarin \u2022 Cristian Rom\u00e2n: LASERUL DE UN PETAWATT \u2022 C\u0103t\u0103lin Mosoia: O solu\u021bie pentru \u00een\u021belegerea universului \u2022 Cristian Rom\u00e2n: Inteligen\u021ba planetar\u0103 \u2022 Claudiu Andone: Casa inteligent\u0103 \u2022 Stana Moisescu: \u0218tiin\u021b\u0103 \u0219i inova\u021bie \u00een industria farmaceutic\u0103 \u2022 Bogdan Iv\u0103nescu: Cancerul \u0219i zah\u0103rul \u2022 Adrian Cioroianu: 5 minute de istorie \u2022 Alexandru Mironov: Proiecte planetare \u2022 Alexandru N. Stermin: PANTANALUL \u2022 Ana-Maria Negril\u0103: O var\u0103 la Stockholm \u2022 Cristian Rom\u00e2n: Ce \u00eenseamn\u0103 s\u0103 g\u00e2nde\u0219ti CRITIC? \u2022 Alexandru Mironov: Deschide cartea<\/span><\/div>\n","protected":false},"excerpt":{"rendered":"<p>S&amp;T115-Digi ISBN: ISSN 1220\u20116555 Alexandru Mironov: Tribula\u021biile capitalismului \u2022 IN MEMORIAM \u2013 dr. Adrian Ristian \u2022 PROTOTIPURI \u2022 ASTROFEST 2022 \u2022 Vasile Chiril\u0103: Astronaviga\u021bia \u2022 Claudiu Andone: Scenarii apocaliptice \u2022 Cristian Presur\u0103: Pietre din cer \u2022 Bogdan Mih\u0103ilescu: Istoria anima\u021biei \u2022 AVANPREMIER\u0102 ASTROFEST 2022: Cei mai mari asteroizi \u2022 C\u0103t\u0103lin Beldea: Oculta\u021bii de zi \u0219i [&hellip;]<\/p>\n","protected":false},"featured_media":129,"comment_status":"open","ping_status":"closed","template":"","meta":[],"product_brand":[25],"product_cat":[28],"product_tag":[],"class_list":{"0":"post-128","1":"product","2":"type-product","3":"status-publish","4":"has-post-thumbnail","6":"product_brand-stiintatehnica","7":"product_cat-revista-stiintatehnica-online","9":"first","10":"instock","11":"shipping-taxable","12":"product-type-external"},"jetpack_sharing_enabled":true,"_links":{"self":[{"href":"https:\/\/stiintasitehnica.com\/shop\/wp-json\/wp\/v2\/product\/128","targetHints":{"allow":["GET"]}}],"collection":[{"href":"https:\/\/stiintasitehnica.com\/shop\/wp-json\/wp\/v2\/product"}],"about":[{"href":"https:\/\/stiintasitehnica.com\/shop\/wp-json\/wp\/v2\/types\/product"}],"replies":[{"embeddable":true,"href":"https:\/\/stiintasitehnica.com\/shop\/wp-json\/wp\/v2\/comments?post=128"}],"wp:featuredmedia":[{"embeddable":true,"href":"https:\/\/stiintasitehnica.com\/shop\/wp-json\/wp\/v2\/media\/129"}],"wp:attachment":[{"href":"https:\/\/stiintasitehnica.com\/shop\/wp-json\/wp\/v2\/media?parent=128"}],"wp:term":[{"taxonomy":"product_brand","embeddable":true,"href":"https:\/\/stiintasitehnica.com\/shop\/wp-json\/wp\/v2\/product_brand?post=128"},{"taxonomy":"product_cat","embeddable":true,"href":"https:\/\/stiintasitehnica.com\/shop\/wp-json\/wp\/v2\/product_cat?post=128"},{"taxonomy":"product_tag","embeddable":true,"href":"https:\/\/stiintasitehnica.com\/shop\/wp-json\/wp\/v2\/product_tag?post=128"}],"curies":[{"name":"wp","href":"https:\/\/api.w.org\/{rel}","templated":true}]}}