{"id":132,"date":"2025-03-28T17:40:41","date_gmt":"2025-03-28T15:40:41","guid":{"rendered":"https:\/\/stiintasitehnica.com\/shop\/?post_type=product&#038;p=132"},"modified":"2025-03-28T17:40:41","modified_gmt":"2025-03-28T15:40:41","slug":"revista-stiintatehnica-numarul-117","status":"publish","type":"product","link":"https:\/\/stiintasitehnica.com\/shop\/produs\/revista-stiintatehnica-numarul-117\/","title":{"rendered":"Revista Stiinta&#038;Tehnica numarul 117"},"content":{"rendered":"<div class=\"col s12 m8 center\"><span class=\"inlineblock bold-light grey-text text-darken-2 purchase-link-title\">S&amp;T 117-DIGI<\/span><\/div>\n<div class=\"col s12 m8 center\"><span class=\"inlineblock grey-text text-darken-1\">ISBN: ISSN 1220\u20116555<\/span><\/div>\n<div class=\"col s12 m8 center\"><span class=\"inlineblock grey-text text-darken-1\">Alexandru Mironov: Exploratorii Lumii de m\u00e2ine \u2022 Din marile laboratoare ale lumii \u2022 Claudiu Andone: Prototipuri \u2022 C\u0103t\u0103lin Mosoia: Ziua interna\u021bional\u0103 a asteroidului \u2022 Claudiu Andone: Tehnologia deceniilor trecute \u2022 Adina Soare: Hai-hui prin \u021bar\u0103, cu planete \u00een p\u0103r \u2022 Abibula Aygun: Dragoni printa\u021bi \u0219i rachete bucluca\u0219e \u2022 C\u0103t\u0103lin Beldea: Cele mai frumoase stele ale verii \u2022 Cristian Presur\u0103: Imagini din cer \u2022 Claudiu T\u0103n\u0103selia: Primele imagini de la James Webb \u2022 Claudiu T\u0103n\u0103selia: Cronici spa\u021biale \u2022 Cristian Roman: Programul Voyager \u2022 Magda Stavinschi: V\u00e2n\u0103torii de eclipse \u2022 Alexandru Mironov: Deschide cartea \u2022 Domnul Diod\u0103: Pledoarie pentru imprimantele 3D \u2022 laudiu Andone: Casa inteligent\u0103 \u2022 Cristian Roman: Despre apari\u021bia vie\u021bii pe Terra \u2022 Constantin Fer\u0219eta: Considera\u021bii despre dimensiuni fizice ale Universurilor \u2022 Bogdan Iv\u0103nescu: Nobelul pentru \u00eentinerire \u2022 Adrian B\u0103nu\u021b\u0103: A\u0219tept\u00e2nd s\u0103 plou\u0103 \u2022 Liliana Dr\u0103gan: Canalul Siret-B\u0103r\u0103gan un fel de Fata Morgana \u2022 Alexandru Mironov: Proiecte planetare \u2022 Bogdan Mih\u0103ilescu: Anima\u021bia de sintez\u0103 \u2022 Ana-Maria Negril\u0103: O var\u0103 la Stockholm \u2022 Carol Florea: Arme moderne \u2022 Dan. D. Farca\u0219: Ce mai e nou \u00een UFOLOGIE \u2022 Cristian Rom\u00e2n: Magicianul sceptic<\/span><\/div>\n","protected":false},"excerpt":{"rendered":"<p>S&amp;T 117-DIGI ISBN: ISSN 1220\u20116555 Alexandru Mironov: Exploratorii Lumii de m\u00e2ine \u2022 Din marile laboratoare ale lumii \u2022 Claudiu Andone: Prototipuri \u2022 C\u0103t\u0103lin Mosoia: Ziua interna\u021bional\u0103 a asteroidului \u2022 Claudiu Andone: Tehnologia deceniilor trecute \u2022 Adina Soare: Hai-hui prin \u021bar\u0103, cu planete \u00een p\u0103r \u2022 Abibula Aygun: Dragoni printa\u021bi \u0219i rachete bucluca\u0219e \u2022 C\u0103t\u0103lin Beldea: [&hellip;]<\/p>\n","protected":false},"featured_media":133,"comment_status":"open","ping_status":"closed","template":"","meta":[],"product_brand":[25],"product_cat":[28],"product_tag":[],"class_list":{"0":"post-132","1":"product","2":"type-product","3":"status-publish","4":"has-post-thumbnail","6":"product_brand-stiintatehnica","7":"product_cat-revista-stiintatehnica-online","9":"first","10":"instock","11":"shipping-taxable","12":"product-type-external"},"jetpack_sharing_enabled":true,"_links":{"self":[{"href":"https:\/\/stiintasitehnica.com\/shop\/wp-json\/wp\/v2\/product\/132","targetHints":{"allow":["GET"]}}],"collection":[{"href":"https:\/\/stiintasitehnica.com\/shop\/wp-json\/wp\/v2\/product"}],"about":[{"href":"https:\/\/stiintasitehnica.com\/shop\/wp-json\/wp\/v2\/types\/product"}],"replies":[{"embeddable":true,"href":"https:\/\/stiintasitehnica.com\/shop\/wp-json\/wp\/v2\/comments?post=132"}],"wp:featuredmedia":[{"embeddable":true,"href":"https:\/\/stiintasitehnica.com\/shop\/wp-json\/wp\/v2\/media\/133"}],"wp:attachment":[{"href":"https:\/\/stiintasitehnica.com\/shop\/wp-json\/wp\/v2\/media?parent=132"}],"wp:term":[{"taxonomy":"product_brand","embeddable":true,"href":"https:\/\/stiintasitehnica.com\/shop\/wp-json\/wp\/v2\/product_brand?post=132"},{"taxonomy":"product_cat","embeddable":true,"href":"https:\/\/stiintasitehnica.com\/shop\/wp-json\/wp\/v2\/product_cat?post=132"},{"taxonomy":"product_tag","embeddable":true,"href":"https:\/\/stiintasitehnica.com\/shop\/wp-json\/wp\/v2\/product_tag?post=132"}],"curies":[{"name":"wp","href":"https:\/\/api.w.org\/{rel}","templated":true}]}}