{"id":135,"date":"2025-03-28T17:41:42","date_gmt":"2025-03-28T15:41:42","guid":{"rendered":"https:\/\/stiintasitehnica.com\/shop\/?post_type=product&#038;p=135"},"modified":"2025-03-28T17:41:42","modified_gmt":"2025-03-28T15:41:42","slug":"revista-stiintatehnica-numarul-118","status":"publish","type":"product","link":"https:\/\/stiintasitehnica.com\/shop\/produs\/revista-stiintatehnica-numarul-118\/","title":{"rendered":"Revista Stiinta&#038;Tehnica numarul 118"},"content":{"rendered":"<div class=\"col s12 m8 center\"><span class=\"inlineblock bold-light grey-text text-darken-2 purchase-link-title\">S&amp;T 118-DIGI<\/span><\/div>\n<div class=\"col s12 m8 center\"><span class=\"inlineblock grey-text text-darken-1\">ISBN: ISSN 1220\u20116555<\/span><\/div>\n<div class=\"col s12 m8 center\"><span class=\"inlineblock grey-text text-darken-1\">\u2022 Alexandru Mironov: Despre excep\u021bionalism \u2022Cristian Roman \u0219i Adrian B\u0103nu\u021b\u0103: 70 de ani cu Dumitru Dorin Prunariu \u2022 Ana-Maria Negril\u0103: Cetatea care vegheaz\u0103 insula \u2022 Abibula Aygun: Cine a auzit de Atlantykron, m\u00e2na sus ! \u2022 Bogdan Mih\u0103ilescu: C\u00e2nd eram fl\u0103c\u0103u la tata, Hei, ce ploaie \u0219i ce v\u00e2nt \u2022 Bogdan Mih\u0103ilescu: Istoria anima\u021biei \u2022 Cornel Laz\u0103r: Inteligen\u021ba artificial\u0103 \u00een fotografie \u2022 Vasile Chiril\u0103: Cu gnomonul la Atlantykron \u2022 Vasile Chiril\u0103: Octantul \u0219i sextantul \u2022 Emil Dr\u0103gan: Realitatea virtual\u0103, de la tehnologie emergent\u0103 la multivers \u2022 Adrian B\u0103nu\u021b\u0103: Pro \u0219i contra energiei solare \u2022 Silviu Covaliov: Proiecte pentru protejarea naturii \u00een Bazinul Marii Negre \u2022 Constantin V\u00een\u0103toru: Din legendele astronau\u021bilor \u2022 C\u0103t\u0103lin Beldea: Constela\u021biile toamnei \u2022 Magda Stavinschi: V\u00e2n\u0103torii de eclipse \u2022 Cristian Roman: Programul Voyager \u2022 Claudiu T\u0103n\u0103selia: Cronici spa\u021biale \u2022 Cristian Roman: Povestea num\u0103ratului \u2022 Cristian Presur\u0103: Dumnezeul lui Einstein \u2022 C\u0103t\u0103lina Curceanu: Dincolo de modelul standard \u2022 Claudiu Andone: Prototipuri \u2022 Carol Florea: Arme moderne \u2022 Bogdan Iv\u0103nescu: Povestea apendicitei \u2022 Cristina Ghidoveanu: Casa inteligent\u0103 \u2022 Cristina Ghidoveanu: Amintiri din Canada \u2022 Cristian Roman: Cronica scepticului \u2022 C\u0103t\u0103lin Mosoia: Ziua Limbii Rom\u00e2ne \u2022 Alexandru Mironov: Deschide cartea<\/span><\/div>\n","protected":false},"excerpt":{"rendered":"<p>S&amp;T 118-DIGI ISBN: ISSN 1220\u20116555 \u2022 Alexandru Mironov: Despre excep\u021bionalism \u2022Cristian Roman \u0219i Adrian B\u0103nu\u021b\u0103: 70 de ani cu Dumitru Dorin Prunariu \u2022 Ana-Maria Negril\u0103: Cetatea care vegheaz\u0103 insula \u2022 Abibula Aygun: Cine a auzit de Atlantykron, m\u00e2na sus ! \u2022 Bogdan Mih\u0103ilescu: C\u00e2nd eram fl\u0103c\u0103u la tata, Hei, ce ploaie \u0219i ce v\u00e2nt \u2022 [&hellip;]<\/p>\n","protected":false},"featured_media":136,"comment_status":"open","ping_status":"closed","template":"","meta":[],"product_brand":[25],"product_cat":[28],"product_tag":[],"class_list":{"0":"post-135","1":"product","2":"type-product","3":"status-publish","4":"has-post-thumbnail","6":"product_brand-stiintatehnica","7":"product_cat-revista-stiintatehnica-online","9":"first","10":"instock","11":"shipping-taxable","12":"product-type-external"},"jetpack_sharing_enabled":true,"_links":{"self":[{"href":"https:\/\/stiintasitehnica.com\/shop\/wp-json\/wp\/v2\/product\/135","targetHints":{"allow":["GET"]}}],"collection":[{"href":"https:\/\/stiintasitehnica.com\/shop\/wp-json\/wp\/v2\/product"}],"about":[{"href":"https:\/\/stiintasitehnica.com\/shop\/wp-json\/wp\/v2\/types\/product"}],"replies":[{"embeddable":true,"href":"https:\/\/stiintasitehnica.com\/shop\/wp-json\/wp\/v2\/comments?post=135"}],"wp:featuredmedia":[{"embeddable":true,"href":"https:\/\/stiintasitehnica.com\/shop\/wp-json\/wp\/v2\/media\/136"}],"wp:attachment":[{"href":"https:\/\/stiintasitehnica.com\/shop\/wp-json\/wp\/v2\/media?parent=135"}],"wp:term":[{"taxonomy":"product_brand","embeddable":true,"href":"https:\/\/stiintasitehnica.com\/shop\/wp-json\/wp\/v2\/product_brand?post=135"},{"taxonomy":"product_cat","embeddable":true,"href":"https:\/\/stiintasitehnica.com\/shop\/wp-json\/wp\/v2\/product_cat?post=135"},{"taxonomy":"product_tag","embeddable":true,"href":"https:\/\/stiintasitehnica.com\/shop\/wp-json\/wp\/v2\/product_tag?post=135"}],"curies":[{"name":"wp","href":"https:\/\/api.w.org\/{rel}","templated":true}]}}