{"id":142,"date":"2025-03-28T17:49:38","date_gmt":"2025-03-28T15:49:38","guid":{"rendered":"https:\/\/stiintasitehnica.com\/shop\/?post_type=product&#038;p=142"},"modified":"2025-03-28T17:49:38","modified_gmt":"2025-03-28T15:49:38","slug":"revista-stiintatehnica-numarul-121","status":"publish","type":"product","link":"https:\/\/stiintasitehnica.com\/shop\/produs\/revista-stiintatehnica-numarul-121\/","title":{"rendered":"Revista Stiinta&#038;Tehnica numarul 121"},"content":{"rendered":"<div class=\"col s12 m8 center\"><span class=\"inlineblock bold-light grey-text text-darken-2 purchase-link-title\">S&amp;T 121-DIGI<\/span><\/div>\n<div class=\"col s12 m8 center\"><span class=\"inlineblock grey-text text-darken-1\">ISBN: ISSN 1220\u20116555<\/span><\/div>\n<div class=\"col s12 m8 center\"><span class=\"inlineblock grey-text text-darken-1\">Alexandru Mironov: Confruntarea liderilor \u2022 Cornel Laz\u0103r: Caravana de toamn\u0103 \u2022 Marian Naiman: Poduri peste timp \u2022 C\u0103t\u0103lin Mosoia: Observa\u021bii astronomice asupra eclipsei par\u021biale de Soare \u2022 Afrodita Boldea: Congresul Interna\u021bional de Astronautic\u0103 \u2022 Abibula Aygun: Revenirea lui Perseus \u2022 C\u0103t\u0103lin Beldea: Evenimente astronomice ale anului 2023 \u2022 Cristian Rom\u00e2n: Din nou despre paradoxul Fermi \u2022 Bogdan Mih\u0103ilescu:Avatar: film sau anima\u021bie \u2022 Adrian B\u0103nu\u021b\u0103: Ce zboar\u0103 noaptea sub balconul t\u0103u? \u2022 Abibula Aygun: Drona comenstibil\u0103 \u2022 NEWS \u2022 Cristian Rom\u00e2n: CHUCK YEAGER \u2022 NEWS \u2022 Carol Florea: Excalibur \u2022 Claudiu T\u0103n\u0103selia: Cronici spa\u021biale \u2022 Claudiu Andone: Prototipuri \u2022 Cristian Presur\u0103: Viitorul energiei nucleare \u2022 Theodor Chirica: Primul SMR din Rom\u00e2nia ar putea fi onectat \u00een 2030 \u2022 Abibula Aygun: Miracolul verde \u2022 Bogdan Iv\u0103nescu: Sl\u0103be\u0219te respir\u00e2nd \u2022 Adrian B\u0103nu\u021b\u0103: Investitorii \u00een nemurire \u2022 Ana\u2011Maria Negril\u0103: La pas prin istorie (3) \u2022 Cristina Ghidoveanu: O c\u0103l\u0103torie \u00een Canada (4) \u2022 Cristian Roman: Pseudo\u0219tiin\u021ba de partid \u0219i de stat (2) \u2022Alexandru Mironov: Deschide cartea <\/span><\/div>\n","protected":false},"excerpt":{"rendered":"<p>S&amp;T 121-DIGI ISBN: ISSN 1220\u20116555 Alexandru Mironov: Confruntarea liderilor \u2022 Cornel Laz\u0103r: Caravana de toamn\u0103 \u2022 Marian Naiman: Poduri peste timp \u2022 C\u0103t\u0103lin Mosoia: Observa\u021bii astronomice asupra eclipsei par\u021biale de Soare \u2022 Afrodita Boldea: Congresul Interna\u021bional de Astronautic\u0103 \u2022 Abibula Aygun: Revenirea lui Perseus \u2022 C\u0103t\u0103lin Beldea: Evenimente astronomice ale anului 2023 \u2022 Cristian Rom\u00e2n: [&hellip;]<\/p>\n","protected":false},"featured_media":143,"comment_status":"open","ping_status":"closed","template":"","meta":[],"product_brand":[25],"product_cat":[28],"product_tag":[],"class_list":{"0":"post-142","1":"product","2":"type-product","3":"status-publish","4":"has-post-thumbnail","6":"product_brand-stiintatehnica","7":"product_cat-revista-stiintatehnica-online","9":"first","10":"instock","11":"shipping-taxable","12":"product-type-external"},"jetpack_sharing_enabled":true,"_links":{"self":[{"href":"https:\/\/stiintasitehnica.com\/shop\/wp-json\/wp\/v2\/product\/142","targetHints":{"allow":["GET"]}}],"collection":[{"href":"https:\/\/stiintasitehnica.com\/shop\/wp-json\/wp\/v2\/product"}],"about":[{"href":"https:\/\/stiintasitehnica.com\/shop\/wp-json\/wp\/v2\/types\/product"}],"replies":[{"embeddable":true,"href":"https:\/\/stiintasitehnica.com\/shop\/wp-json\/wp\/v2\/comments?post=142"}],"wp:featuredmedia":[{"embeddable":true,"href":"https:\/\/stiintasitehnica.com\/shop\/wp-json\/wp\/v2\/media\/143"}],"wp:attachment":[{"href":"https:\/\/stiintasitehnica.com\/shop\/wp-json\/wp\/v2\/media?parent=142"}],"wp:term":[{"taxonomy":"product_brand","embeddable":true,"href":"https:\/\/stiintasitehnica.com\/shop\/wp-json\/wp\/v2\/product_brand?post=142"},{"taxonomy":"product_cat","embeddable":true,"href":"https:\/\/stiintasitehnica.com\/shop\/wp-json\/wp\/v2\/product_cat?post=142"},{"taxonomy":"product_tag","embeddable":true,"href":"https:\/\/stiintasitehnica.com\/shop\/wp-json\/wp\/v2\/product_tag?post=142"}],"curies":[{"name":"wp","href":"https:\/\/api.w.org\/{rel}","templated":true}]}}