{"id":144,"date":"2025-03-28T17:50:39","date_gmt":"2025-03-28T15:50:39","guid":{"rendered":"https:\/\/stiintasitehnica.com\/shop\/?post_type=product&#038;p=144"},"modified":"2025-03-28T17:50:39","modified_gmt":"2025-03-28T15:50:39","slug":"revista-stiintatehnica-numarul-122","status":"publish","type":"product","link":"https:\/\/stiintasitehnica.com\/shop\/produs\/revista-stiintatehnica-numarul-122\/","title":{"rendered":"Revista Stiinta&#038;Tehnica numarul 122"},"content":{"rendered":"<div class=\"col s12 m8 center\"><span class=\"inlineblock bold-light grey-text text-darken-2 purchase-link-title\">S&amp;T 122-DIGI<\/span><\/div>\n<div class=\"col s12 m8 center\"><span class=\"inlineblock grey-text text-darken-1\">ISBN: ISSN 1220\u20116555<\/span><\/div>\n<div class=\"col s12 m8 center\"><span class=\"inlineblock grey-text text-darken-1\">Alexandru Mironov: Excelen\u021b\u0103, cobor\u00e2\u021bi la prima? \u2022 Competi\u021bia QUBE2SPACE \u2022 Claudiu Andone: Prototipuri \u2022 Cristin Presur\u0103: Deceniul digital al Europei \u2022 Claudiu Andone: Casa inteligent\u0103 \u2022 C\u0103t\u0103lin Beldea: Evenimente astronomice 2023 \u2022 Marcel Popescu: Meteoritul El Ali \u2022 Carol Florea: Noul tanc german \u2022 Cristian Rom\u00e2n: Chuck Yeager 3 \u2022 Cristian Rom\u00e2n: Lise Meitner \u0219i fisiunea nuclear\u0103 \u2022 Cristian Rom\u00e2n: Cronica Scepticului \u2022 Bogdan Mih\u0103ilescu: Anima\u021bia la genul feminin \u2022 Claudiu T\u0103n\u0103selia: Femei \u00een spa\u021biu \u2022 Nicolae Dimaca: Magnetismul, o mare necunoscut\u0103 \u2022 R\u0103zvan Mure\u0219an: Securitate cibernetic\u0103 \u2022 Alexandru Mironov: Proiecte planetare \u2022 C\u0103t\u0103lin Mosoia: In memoriam Gheorghe Marinescu \u2022 Ramona Bandrabur: Viitoruri posibile \u00een educa\u021bie \u2022 Bogdan Iv\u0103nescu: Sl\u0103be\u0219te respir\u00e2nd \u2022 Livia Tudor: Decompresia vertebral\u0103 la cald cu infraro\u0219u \u2022 Vladimir Filip: Terapia genetic\u0103 a imunodeficien\u021belor \u2022 Realitatea Virtual\u0103 \u2022 Cristina D\u0103nil\u0103: E vrema ta s\u0103 schimbi lumea \u2022 Ana\u2011Maria Negril\u0103: Locuri de poveste \u2022 Alexandru Mironov: Deschide cartea<\/span><\/div>\n","protected":false},"excerpt":{"rendered":"<p>S&amp;T 122-DIGI ISBN: ISSN 1220\u20116555 Alexandru Mironov: Excelen\u021b\u0103, cobor\u00e2\u021bi la prima? \u2022 Competi\u021bia QUBE2SPACE \u2022 Claudiu Andone: Prototipuri \u2022 Cristin Presur\u0103: Deceniul digital al Europei \u2022 Claudiu Andone: Casa inteligent\u0103 \u2022 C\u0103t\u0103lin Beldea: Evenimente astronomice 2023 \u2022 Marcel Popescu: Meteoritul El Ali \u2022 Carol Florea: Noul tanc german \u2022 Cristian Rom\u00e2n: Chuck Yeager 3 \u2022 [&hellip;]<\/p>\n","protected":false},"featured_media":145,"comment_status":"open","ping_status":"closed","template":"","meta":[],"product_brand":[25],"product_cat":[28],"product_tag":[],"class_list":{"0":"post-144","1":"product","2":"type-product","3":"status-publish","4":"has-post-thumbnail","6":"product_brand-stiintatehnica","7":"product_cat-revista-stiintatehnica-online","9":"first","10":"instock","11":"shipping-taxable","12":"product-type-external"},"jetpack_sharing_enabled":true,"_links":{"self":[{"href":"https:\/\/stiintasitehnica.com\/shop\/wp-json\/wp\/v2\/product\/144","targetHints":{"allow":["GET"]}}],"collection":[{"href":"https:\/\/stiintasitehnica.com\/shop\/wp-json\/wp\/v2\/product"}],"about":[{"href":"https:\/\/stiintasitehnica.com\/shop\/wp-json\/wp\/v2\/types\/product"}],"replies":[{"embeddable":true,"href":"https:\/\/stiintasitehnica.com\/shop\/wp-json\/wp\/v2\/comments?post=144"}],"wp:featuredmedia":[{"embeddable":true,"href":"https:\/\/stiintasitehnica.com\/shop\/wp-json\/wp\/v2\/media\/145"}],"wp:attachment":[{"href":"https:\/\/stiintasitehnica.com\/shop\/wp-json\/wp\/v2\/media?parent=144"}],"wp:term":[{"taxonomy":"product_brand","embeddable":true,"href":"https:\/\/stiintasitehnica.com\/shop\/wp-json\/wp\/v2\/product_brand?post=144"},{"taxonomy":"product_cat","embeddable":true,"href":"https:\/\/stiintasitehnica.com\/shop\/wp-json\/wp\/v2\/product_cat?post=144"},{"taxonomy":"product_tag","embeddable":true,"href":"https:\/\/stiintasitehnica.com\/shop\/wp-json\/wp\/v2\/product_tag?post=144"}],"curies":[{"name":"wp","href":"https:\/\/api.w.org\/{rel}","templated":true}]}}