{"id":147,"date":"2025-03-28T17:51:38","date_gmt":"2025-03-28T15:51:38","guid":{"rendered":"https:\/\/stiintasitehnica.com\/shop\/?post_type=product&#038;p=147"},"modified":"2025-03-28T17:51:38","modified_gmt":"2025-03-28T15:51:38","slug":"revista-stiintatehnica-numarul-123","status":"publish","type":"product","link":"https:\/\/stiintasitehnica.com\/shop\/produs\/revista-stiintatehnica-numarul-123\/","title":{"rendered":"Revista Stiinta&#038;Tehnica numarul 123"},"content":{"rendered":"<div class=\"col s12 m8 center\"><span class=\"inlineblock bold-light grey-text text-darken-2 purchase-link-title\">S&amp;T 123-DIGI<\/span><\/div>\n<div class=\"col s12 m8 center\"><span class=\"inlineblock grey-text text-darken-1\">ISBN: ISSN 1220\u20116555<\/span><\/div>\n<div class=\"col s12 m8 center\"><span class=\"inlineblock grey-text text-darken-1\">Alexandru Mironov: Telefonul din Aruba \u2022 Marian Naiman: Un regal \u0219tiin\u021bific \u2022 C\u0103t\u0103lin Beldea: ASTROFEST 2023 \u2022 Marcel Popescu: Asteroidul 2023 DZ2 \u2022 Bogdan Oprea: Jurnalismul \u00een metavers \u2022 Cristian Roman: News \u2022 Ramona Bandrabur: Dr. Mioara Mincu, un polihistor care ne inspir\u0103 \u2022 C\u0103t\u0103lin Mosoia: Despre demografia istoric\u0103 \u2022 C\u0103t\u0103lin Beldea: Eclipsa din Insula Misterioas\u0103 \u2022 Rare\u0219 Cristian BI\u0218AG: Primul nanosatelit studen\u021besc rom\u00e2nesc \u2022 Claudiu Andone: Prototipuri \u2022 Cristian Roman: Inteligen\u021ba artificial\u0103 \u00een c\u0103utarea inteligen\u021bei extraterestre \u2022 Cristian Roman: News \u2022 Carol Florea: Arme moderne \u2022 Cristian Roman: Istoria viitorului \u2022 Claudiu T\u0103n\u0103selia: Cronici spa\u021biale \u2022 Claudiu Andone: Casa inteligent\u0103 \u2022 Bogdan Iv\u0103nescu: Sarea \u00eentre dragoste \u0219i ur\u0103 \u2022 Daniela \u0219i Adrian B\u0103nu\u021b\u0103: Pe urmele lui Leonardo Da Vinci \u2022 Alexandru Mironov: Proiecte planetare \u2022 Cristian Roman: Cronica Scepticului \u2022 Alexandru Mironov: Deschide cartea<\/span><\/div>\n","protected":false},"excerpt":{"rendered":"<p>S&amp;T 123-DIGI ISBN: ISSN 1220\u20116555 Alexandru Mironov: Telefonul din Aruba \u2022 Marian Naiman: Un regal \u0219tiin\u021bific \u2022 C\u0103t\u0103lin Beldea: ASTROFEST 2023 \u2022 Marcel Popescu: Asteroidul 2023 DZ2 \u2022 Bogdan Oprea: Jurnalismul \u00een metavers \u2022 Cristian Roman: News \u2022 Ramona Bandrabur: Dr. Mioara Mincu, un polihistor care ne inspir\u0103 \u2022 C\u0103t\u0103lin Mosoia: Despre demografia istoric\u0103 \u2022 [&hellip;]<\/p>\n","protected":false},"featured_media":148,"comment_status":"open","ping_status":"closed","template":"","meta":[],"product_brand":[25],"product_cat":[28],"product_tag":[],"class_list":{"0":"post-147","1":"product","2":"type-product","3":"status-publish","4":"has-post-thumbnail","6":"product_brand-stiintatehnica","7":"product_cat-revista-stiintatehnica-online","9":"first","10":"instock","11":"shipping-taxable","12":"product-type-external"},"jetpack_sharing_enabled":true,"_links":{"self":[{"href":"https:\/\/stiintasitehnica.com\/shop\/wp-json\/wp\/v2\/product\/147","targetHints":{"allow":["GET"]}}],"collection":[{"href":"https:\/\/stiintasitehnica.com\/shop\/wp-json\/wp\/v2\/product"}],"about":[{"href":"https:\/\/stiintasitehnica.com\/shop\/wp-json\/wp\/v2\/types\/product"}],"replies":[{"embeddable":true,"href":"https:\/\/stiintasitehnica.com\/shop\/wp-json\/wp\/v2\/comments?post=147"}],"wp:featuredmedia":[{"embeddable":true,"href":"https:\/\/stiintasitehnica.com\/shop\/wp-json\/wp\/v2\/media\/148"}],"wp:attachment":[{"href":"https:\/\/stiintasitehnica.com\/shop\/wp-json\/wp\/v2\/media?parent=147"}],"wp:term":[{"taxonomy":"product_brand","embeddable":true,"href":"https:\/\/stiintasitehnica.com\/shop\/wp-json\/wp\/v2\/product_brand?post=147"},{"taxonomy":"product_cat","embeddable":true,"href":"https:\/\/stiintasitehnica.com\/shop\/wp-json\/wp\/v2\/product_cat?post=147"},{"taxonomy":"product_tag","embeddable":true,"href":"https:\/\/stiintasitehnica.com\/shop\/wp-json\/wp\/v2\/product_tag?post=147"}],"curies":[{"name":"wp","href":"https:\/\/api.w.org\/{rel}","templated":true}]}}