{"id":152,"date":"2025-03-28T17:54:47","date_gmt":"2025-03-28T15:54:47","guid":{"rendered":"https:\/\/stiintasitehnica.com\/shop\/?post_type=product&#038;p=152"},"modified":"2025-03-28T17:54:47","modified_gmt":"2025-03-28T15:54:47","slug":"revista-stiintatehnica-numarul-133","status":"publish","type":"product","link":"https:\/\/stiintasitehnica.com\/shop\/produs\/revista-stiintatehnica-numarul-133\/","title":{"rendered":"Revista Stiinta&#038;Tehnica numarul 133"},"content":{"rendered":"<div class=\"col s12 m8 center\"><span class=\"inlineblock bold-light grey-text text-darken-2 purchase-link-title\">S&amp;T 133digi<\/span><\/div>\n<div class=\"col s12 m8 center\"><span class=\"inlineblock grey-text text-darken-1\">ISBN: ISSN 1220\u20116555<\/span><\/div>\n<div class=\"col s12 m8 center\"><span class=\"inlineblock grey-text text-darken-1\">Alexandru Mironov: Penser l\u2019Europe\/ Reverser Europe \u2022 Drona rom\u00e2neasc\u0103 \u2022 Claudiu Andone: Prototipuri \u2022 C\u0103t\u0103lin Mosoia: Institutul de biochimie al Academiei Rom\u00e2ne \u2022 Cristian Rom\u00e2n: Premiile NOBEL 2024 \u2022 Premiile IGNOBEL 2024 \u2022 Cristian Presur\u0103: Rom\u00e2nia \u0219i fenomenele meteo extreme \u2022 Bogdan Iv\u0103nescu: Un medic \u00een Himalaya \u2022 Clonarea ReTro \u2022 Paul A. Gagniuc: Securitate Cibernetic\u0103 \u2022 Simona Ivanciu: Cititorii de oase \u2022 Carol Florea: Arme moderne \u2022 Alexandru Mironov: BRI revisited \u2022 C\u0103t\u0103lin Beldea: Cometa smartphon \u2022 Claudiu T\u0103n\u0103selia: Cronici spa\u021biale (24) \u2022 Bogdan Iv\u0103nescu: De la dulciuri la probiotice \u2022 Andrei Moldovan: De la Kant la conspira\u021bioni\u0219ti \u2022 Claudiu Andone: Casa inteligent\u0103 \u2022 Petric\u0103 Stolnicu\/ YO9RIJ: \u00cen lumea undelor \u2022 Cristina Dinu: De la p\u0103pu\u0219i buc\u0103late la motociclete zbuciumate \u2022 Ana\u2011Maria Negril\u0103: Cl\u0103diri de vis \u2022 Cristian Roman: AI \u0219i pseudo\u0219tiin\u021ba \u2022 Alexandru Mironov: Deschide cartea<\/span><\/div>\n","protected":false},"excerpt":{"rendered":"<p>S&amp;T 133digi ISBN: ISSN 1220\u20116555 Alexandru Mironov: Penser l\u2019Europe\/ Reverser Europe \u2022 Drona rom\u00e2neasc\u0103 \u2022 Claudiu Andone: Prototipuri \u2022 C\u0103t\u0103lin Mosoia: Institutul de biochimie al Academiei Rom\u00e2ne \u2022 Cristian Rom\u00e2n: Premiile NOBEL 2024 \u2022 Premiile IGNOBEL 2024 \u2022 Cristian Presur\u0103: Rom\u00e2nia \u0219i fenomenele meteo extreme \u2022 Bogdan Iv\u0103nescu: Un medic \u00een Himalaya \u2022 Clonarea ReTro [&hellip;]<\/p>\n","protected":false},"featured_media":153,"comment_status":"open","ping_status":"closed","template":"","meta":[],"product_brand":[25],"product_cat":[28],"product_tag":[],"class_list":{"0":"post-152","1":"product","2":"type-product","3":"status-publish","4":"has-post-thumbnail","6":"product_brand-stiintatehnica","7":"product_cat-revista-stiintatehnica-online","9":"first","10":"instock","11":"shipping-taxable","12":"product-type-external"},"jetpack_sharing_enabled":true,"_links":{"self":[{"href":"https:\/\/stiintasitehnica.com\/shop\/wp-json\/wp\/v2\/product\/152","targetHints":{"allow":["GET"]}}],"collection":[{"href":"https:\/\/stiintasitehnica.com\/shop\/wp-json\/wp\/v2\/product"}],"about":[{"href":"https:\/\/stiintasitehnica.com\/shop\/wp-json\/wp\/v2\/types\/product"}],"replies":[{"embeddable":true,"href":"https:\/\/stiintasitehnica.com\/shop\/wp-json\/wp\/v2\/comments?post=152"}],"wp:featuredmedia":[{"embeddable":true,"href":"https:\/\/stiintasitehnica.com\/shop\/wp-json\/wp\/v2\/media\/153"}],"wp:attachment":[{"href":"https:\/\/stiintasitehnica.com\/shop\/wp-json\/wp\/v2\/media?parent=152"}],"wp:term":[{"taxonomy":"product_brand","embeddable":true,"href":"https:\/\/stiintasitehnica.com\/shop\/wp-json\/wp\/v2\/product_brand?post=152"},{"taxonomy":"product_cat","embeddable":true,"href":"https:\/\/stiintasitehnica.com\/shop\/wp-json\/wp\/v2\/product_cat?post=152"},{"taxonomy":"product_tag","embeddable":true,"href":"https:\/\/stiintasitehnica.com\/shop\/wp-json\/wp\/v2\/product_tag?post=152"}],"curies":[{"name":"wp","href":"https:\/\/api.w.org\/{rel}","templated":true}]}}