{"id":155,"date":"2025-03-28T17:55:56","date_gmt":"2025-03-28T15:55:56","guid":{"rendered":"https:\/\/stiintasitehnica.com\/shop\/?post_type=product&#038;p=155"},"modified":"2025-03-28T17:55:56","modified_gmt":"2025-03-28T15:55:56","slug":"revista-stiintatehnica-numarul-134","status":"publish","type":"product","link":"https:\/\/stiintasitehnica.com\/shop\/produs\/revista-stiintatehnica-numarul-134\/","title":{"rendered":"Revista Stiinta&#038;Tehnica numarul 134"},"content":{"rendered":"<div class=\"col s12 m8 center\"><span class=\"inlineblock bold-light grey-text text-darken-2 purchase-link-title\">S&amp;T 134digi<\/span><\/div>\n<div class=\"col s12 m8 center\"><span class=\"inlineblock grey-text text-darken-1\">ISBN: ISSN 1220\u20116555<\/span><\/div>\n<div class=\"col s12 m8 center\"><span class=\"inlineblock grey-text text-darken-1\">Alexandru Mironov: Careul meu de a\u0219i \u2022 Dun\u0103rea, artera vie a Europei \u2022 Claudiu Andone: Prototipuri \u2022 YO9RIJ: \u00cen lumea undelor (8) \u2022 \u0218tefan Morcov \u0219i Adrian B\u0103nu\u021b\u0103: Quo vadis, AI? \u2022 Adrian B\u0103nu\u021b\u0103: Aproape de zei \u2022 Andrei Moldovan: Nevoia de eroi \u2022 C\u0103t\u0103lin Mosoia: Un laborator unic de Geo\u0219tiin\u021be \u2022 Cristian Rom\u00e2n: MARGARET HAMILTON \u0219i drumul c\u0103tre lun\u0103 \u2022 Cristina Dinu: Induc\u021bia magnetic\u0103 a amintirilor \u2022 Cristian Presur\u0103 \u0219i Adrian B\u0103nu\u021b\u0103: Mituri \u0219i adev\u0103ruri despre HAARP \u2022 Ciprian-Gabriel Chisega-Negril\u0103: Mituri \u0219i adev\u0103ruri despe microunde \u2022 Cristian Rom\u00e2n: Sindromul Kessler \u2022 C\u0103t\u0103lin Beldea: Calendar astronomic 2025 \u2022 Claudiu T\u0103n\u0103selia: Cronici spa\u021biale (25) \u2022 Claudiu T\u0103n\u0103selia: Rocile mar\u021biene \u2022 Carol Florea: Arme moderne \u2022 Claudiu Andone: Casa inteligent\u0103 \u2022 Simona Ivanciu: A fost odat\u0103 ca-n pove\u0219ti \u2022 Adrian B\u0103nu\u021b\u0103: Dincolo de eticheta BIO \u2022 Bogdan Iv\u0103nescu: D\u00c9J\u00c0-VU \u2022 Ana\u2011Maria Negril\u0103: Conacul Bellu din Urla\u021bi \u2022 Cristian Roman: Fraude periculoase \u2022 Alexandru Mironov: Deschide cartea<\/span><\/div>\n","protected":false},"excerpt":{"rendered":"<p>S&amp;T 134digi ISBN: ISSN 1220\u20116555 Alexandru Mironov: Careul meu de a\u0219i \u2022 Dun\u0103rea, artera vie a Europei \u2022 Claudiu Andone: Prototipuri \u2022 YO9RIJ: \u00cen lumea undelor (8) \u2022 \u0218tefan Morcov \u0219i Adrian B\u0103nu\u021b\u0103: Quo vadis, AI? \u2022 Adrian B\u0103nu\u021b\u0103: Aproape de zei \u2022 Andrei Moldovan: Nevoia de eroi \u2022 C\u0103t\u0103lin Mosoia: Un laborator unic de [&hellip;]<\/p>\n","protected":false},"featured_media":156,"comment_status":"open","ping_status":"closed","template":"","meta":[],"product_brand":[25],"product_cat":[28],"product_tag":[],"class_list":{"0":"post-155","1":"product","2":"type-product","3":"status-publish","4":"has-post-thumbnail","6":"product_brand-stiintatehnica","7":"product_cat-revista-stiintatehnica-online","9":"first","10":"instock","11":"shipping-taxable","12":"product-type-external"},"jetpack_sharing_enabled":true,"_links":{"self":[{"href":"https:\/\/stiintasitehnica.com\/shop\/wp-json\/wp\/v2\/product\/155","targetHints":{"allow":["GET"]}}],"collection":[{"href":"https:\/\/stiintasitehnica.com\/shop\/wp-json\/wp\/v2\/product"}],"about":[{"href":"https:\/\/stiintasitehnica.com\/shop\/wp-json\/wp\/v2\/types\/product"}],"replies":[{"embeddable":true,"href":"https:\/\/stiintasitehnica.com\/shop\/wp-json\/wp\/v2\/comments?post=155"}],"wp:featuredmedia":[{"embeddable":true,"href":"https:\/\/stiintasitehnica.com\/shop\/wp-json\/wp\/v2\/media\/156"}],"wp:attachment":[{"href":"https:\/\/stiintasitehnica.com\/shop\/wp-json\/wp\/v2\/media?parent=155"}],"wp:term":[{"taxonomy":"product_brand","embeddable":true,"href":"https:\/\/stiintasitehnica.com\/shop\/wp-json\/wp\/v2\/product_brand?post=155"},{"taxonomy":"product_cat","embeddable":true,"href":"https:\/\/stiintasitehnica.com\/shop\/wp-json\/wp\/v2\/product_cat?post=155"},{"taxonomy":"product_tag","embeddable":true,"href":"https:\/\/stiintasitehnica.com\/shop\/wp-json\/wp\/v2\/product_tag?post=155"}],"curies":[{"name":"wp","href":"https:\/\/api.w.org\/{rel}","templated":true}]}}