{"id":82,"date":"2025-03-28T17:09:05","date_gmt":"2025-03-28T15:09:05","guid":{"rendered":"https:\/\/stiintasitehnica.com\/shop\/?post_type=product&#038;p=82"},"modified":"2025-03-28T17:59:05","modified_gmt":"2025-03-28T15:59:05","slug":"universitaria","status":"publish","type":"product","link":"https:\/\/stiintasitehnica.com\/shop\/produs\/universitaria\/","title":{"rendered":"Supliment Stiinta&#038;Tehnica Universitaria"},"content":{"rendered":"<div class=\"col s12 m8 center\"><span class=\"inlineblock grey-text text-darken-1\">ISBN: ISSN 1220-6555<\/span><\/div>\n<div class=\"col s12 m8 center\"><span class=\"inlineblock grey-text text-darken-1\">Universitatea din Craiova, una dintre cele mai importante institu\u021bii organizatoa\u00adre de doctorat din Rom\u00e2nia, \u00eempreun\u0103 cu revista \u0218tiin\u021b\u0103&amp;Tehnic\u0103\u00a0\u2013 lanseaz\u0103 suplimentul UNIVERSITARIA: 60 de pagini de \u0219tiin\u021b\u0103, cercetare \u0219i inovare! Din sumar: UNIVERSITATEA DIN CRAIOVA \u2013 TRADI\u021aIE, PERFORMAN\u021a\u0102, VIZIUNE * REZULTATE DE TOP \u00ceN CERCETARE-DEZVOLTARE-INOVARE * ACTIVE AGEING PRIN E-TRAINING \u0218I E-LEARNING LA ADULTUL CU SINDROM DOWN * EFECTE ESTETICE GENERATE CU MECANISME * BREVETAREA \u0218I TRANSFERUL TEHNOLOGIC \u2013 FORME DE VALORIFICARE A REZULTATELOR CERCET\u0102RILOR UNIVERSIT\u0102\u021aII DIN CRAIOVA * DYNAMICS \u2013 UN PROIECT PENTRU INVESTIGAREA LUMII REALE * VIA\u021aA \u00ceNTRE DIFICULTATE \u0218I SPERAN\u021a\u0102 * FRUMUSE\u021aEA \u0218I \u00ceN\u021aELEPCIUNEA ECUA\u021aIILOR * FEEDBACK \u0218I OSCILA\u021aIE * \u00ceNCEPUTURILE \u00ceNV\u0102\u021a\u0102M\u00c2NTULUI SUPERIOR ELECTROTEHNIC \u00ceN CRAIOVA * IOSIF KEBER, ARTISTUL DEDICAT TEHNICILOR PICTURII * ORIGINILE MAIORESCIENE ALE \u0218TIIN\u021aEI ROM\u00c2NE\u0218TI * METALURGIA PULBERILOR * PE NOUL DRUM AL OASELOR * PING PONG DIN&#8230; SPUME METALICE? * INCESA, DE LA INFRASTRUCTUR\u0102 DE CERCETARE LA HUB DE INOVARE * DEZVOLTAREA UNUI SISTEM ANTIGRINDIN\u0102 \u00ceN ROM\u00c2NIA * RESTAURAREA OPERELOR DE ART\u0102 * UNIVERSITATEA DIN CRAIOVA: PROMOVAREA \u0218TIIN\u021aELOR \u0218I A EDUCA\u021aIEI \u0218TIIN\u021aIFICE.<\/span><\/div>\n","protected":false},"excerpt":{"rendered":"<p>ISBN: ISSN 1220-6555 Universitatea din Craiova, una dintre cele mai importante institu\u021bii organizatoa\u00adre de doctorat din Rom\u00e2nia, \u00eempreun\u0103 cu revista \u0218tiin\u021b\u0103&amp;Tehnic\u0103\u00a0\u2013 lanseaz\u0103 suplimentul UNIVERSITARIA: 60 de pagini de \u0219tiin\u021b\u0103, cercetare \u0219i inovare! Din sumar: UNIVERSITATEA DIN CRAIOVA \u2013 TRADI\u021aIE, PERFORMAN\u021a\u0102, VIZIUNE * REZULTATE DE TOP \u00ceN CERCETARE-DEZVOLTARE-INOVARE * ACTIVE AGEING PRIN E-TRAINING \u0218I E-LEARNING LA [&hellip;]<\/p>\n","protected":false},"featured_media":83,"comment_status":"open","ping_status":"closed","template":"","meta":[],"product_brand":[],"product_cat":[28],"product_tag":[],"class_list":{"0":"post-82","1":"product","2":"type-product","3":"status-publish","4":"has-post-thumbnail","6":"product_cat-revista-stiintatehnica-online","8":"first","9":"instock","10":"shipping-taxable","11":"product-type-external"},"jetpack_sharing_enabled":true,"_links":{"self":[{"href":"https:\/\/stiintasitehnica.com\/shop\/wp-json\/wp\/v2\/product\/82","targetHints":{"allow":["GET"]}}],"collection":[{"href":"https:\/\/stiintasitehnica.com\/shop\/wp-json\/wp\/v2\/product"}],"about":[{"href":"https:\/\/stiintasitehnica.com\/shop\/wp-json\/wp\/v2\/types\/product"}],"replies":[{"embeddable":true,"href":"https:\/\/stiintasitehnica.com\/shop\/wp-json\/wp\/v2\/comments?post=82"}],"wp:featuredmedia":[{"embeddable":true,"href":"https:\/\/stiintasitehnica.com\/shop\/wp-json\/wp\/v2\/media\/83"}],"wp:attachment":[{"href":"https:\/\/stiintasitehnica.com\/shop\/wp-json\/wp\/v2\/media?parent=82"}],"wp:term":[{"taxonomy":"product_brand","embeddable":true,"href":"https:\/\/stiintasitehnica.com\/shop\/wp-json\/wp\/v2\/product_brand?post=82"},{"taxonomy":"product_cat","embeddable":true,"href":"https:\/\/stiintasitehnica.com\/shop\/wp-json\/wp\/v2\/product_cat?post=82"},{"taxonomy":"product_tag","embeddable":true,"href":"https:\/\/stiintasitehnica.com\/shop\/wp-json\/wp\/v2\/product_tag?post=82"}],"curies":[{"name":"wp","href":"https:\/\/api.w.org\/{rel}","templated":true}]}}