{"id":84,"date":"2025-03-28T17:10:09","date_gmt":"2025-03-28T15:10:09","guid":{"rendered":"https:\/\/stiintasitehnica.com\/shop\/?post_type=product&#038;p=84"},"modified":"2025-03-28T17:59:19","modified_gmt":"2025-03-28T15:59:19","slug":"teha-si-inventiile-ei","status":"publish","type":"product","link":"https:\/\/stiintasitehnica.com\/shop\/produs\/teha-si-inventiile-ei\/","title":{"rendered":"Supliment Stiinta&#038;Tehnica &#8211; Teha \u0219i inven\u021biile ei"},"content":{"rendered":"<div class=\"col s12 m8 center\"><span class=\"inlineblock grey-text text-darken-1\">ISBN: 220-8620<\/span><\/div>\n<div class=\"col s12 m8 center\"><span class=\"inlineblock grey-text text-darken-1\">Sandra are 9 ani \u0219i este pasionat\u0103 de \u0219tiin\u021b\u0103 \u0219i tehnologie. A renun\u021bat la p\u0103pu\u0219i pentru o imprimanta 3\u00a0D \u0219i la h\u0103inu\u021bele roz \u00een favoarea robo\u021bilor. De Cr\u0103ciun ne-a colindat \u00eempreun\u0103 cu colegii ei din clasa a III-a B, de la \u0218coala General\u0103 num\u0103rul 45 \u201eTitu Maiorescu\u201c \u0219i ne-a promis prima ei carte.<\/span><\/div>\n","protected":false},"excerpt":{"rendered":"<p>ISBN: 220-8620 Sandra are 9 ani \u0219i este pasionat\u0103 de \u0219tiin\u021b\u0103 \u0219i tehnologie. A renun\u021bat la p\u0103pu\u0219i pentru o imprimanta 3\u00a0D \u0219i la h\u0103inu\u021bele roz \u00een favoarea robo\u021bilor. De Cr\u0103ciun ne-a colindat \u00eempreun\u0103 cu colegii ei din clasa a III-a B, de la \u0218coala General\u0103 num\u0103rul 45 \u201eTitu Maiorescu\u201c \u0219i ne-a promis prima ei carte.<\/p>\n","protected":false},"featured_media":85,"comment_status":"open","ping_status":"closed","template":"","meta":[],"product_brand":[],"product_cat":[28],"product_tag":[],"class_list":{"0":"post-84","1":"product","2":"type-product","3":"status-publish","4":"has-post-thumbnail","6":"product_cat-revista-stiintatehnica-online","8":"first","9":"instock","10":"shipping-taxable","11":"product-type-external"},"jetpack_sharing_enabled":true,"_links":{"self":[{"href":"https:\/\/stiintasitehnica.com\/shop\/wp-json\/wp\/v2\/product\/84","targetHints":{"allow":["GET"]}}],"collection":[{"href":"https:\/\/stiintasitehnica.com\/shop\/wp-json\/wp\/v2\/product"}],"about":[{"href":"https:\/\/stiintasitehnica.com\/shop\/wp-json\/wp\/v2\/types\/product"}],"replies":[{"embeddable":true,"href":"https:\/\/stiintasitehnica.com\/shop\/wp-json\/wp\/v2\/comments?post=84"}],"wp:featuredmedia":[{"embeddable":true,"href":"https:\/\/stiintasitehnica.com\/shop\/wp-json\/wp\/v2\/media\/85"}],"wp:attachment":[{"href":"https:\/\/stiintasitehnica.com\/shop\/wp-json\/wp\/v2\/media?parent=84"}],"wp:term":[{"taxonomy":"product_brand","embeddable":true,"href":"https:\/\/stiintasitehnica.com\/shop\/wp-json\/wp\/v2\/product_brand?post=84"},{"taxonomy":"product_cat","embeddable":true,"href":"https:\/\/stiintasitehnica.com\/shop\/wp-json\/wp\/v2\/product_cat?post=84"},{"taxonomy":"product_tag","embeddable":true,"href":"https:\/\/stiintasitehnica.com\/shop\/wp-json\/wp\/v2\/product_tag?post=84"}],"curies":[{"name":"wp","href":"https:\/\/api.w.org\/{rel}","templated":true}]}}