{"id":88,"date":"2025-03-28T17:14:50","date_gmt":"2025-03-28T15:14:50","guid":{"rendered":"https:\/\/stiintasitehnica.com\/shop\/?post_type=product&#038;p=88"},"modified":"2025-09-01T14:01:54","modified_gmt":"2025-09-01T11:01:54","slug":"cronici-din-vremea-virusului","status":"publish","type":"product","link":"https:\/\/stiintasitehnica.com\/shop\/produs\/cronici-din-vremea-virusului\/","title":{"rendered":"CRONICI DIN VREMEA VIRUSULUI"},"content":{"rendered":"<div class=\"col s12 m8 center\"><span class=\"inlineblock grey-text text-darken-1\">ISBN: 1220-8620<\/span><\/div>\n<div class=\"col s12 m8 center\"><span class=\"inlineblock grey-text text-darken-1\">A fost odat\u0103&#8230; pandemia , Cu masc\u0103, f\u0103r\u0103 masc\u0103, Covidul vrajbei noastre, Armele biologice, Coronavirus la puterea 5G \u2013 totul se \u00eent\u00e2mpl\u0103 la ora 6, dup\u0103 r\u0103zboi Un numar de colec\u021bie pe care nu trebuie s\u0103-l rata\u021bi! Un num\u0103r special din cel pu\u021bin dou\u0103 motive: dou\u0103 luni am scris \u0219i am rescris \u0219i iar am scris la el&#8230; pentru c\u0103 aveam dintr-o dat\u0103 suficient timp \u0219i foarte multe informa\u021bii \u0219i cel de al doilea motiv este c\u0103 ne-a f\u0103cut pl\u0103cere s\u0103 demol\u0103m foarte multe mituri despre epidemie: de la leg\u0103turile cu re\u021belele 5 G p\u00e2n\u0103 la consumul excesiv al vitaminei C, ca mijloc de preven\u021bie.<\/span><\/div>\n","protected":false},"excerpt":{"rendered":"<p>ISBN: 1220-8620 A fost odat\u0103&#8230; pandemia , Cu masc\u0103, f\u0103r\u0103 masc\u0103, Covidul vrajbei noastre, Armele biologice, Coronavirus la puterea 5G \u2013 totul se \u00eent\u00e2mpl\u0103 la ora 6, dup\u0103 r\u0103zboi Un numar de colec\u021bie pe care nu trebuie s\u0103-l rata\u021bi! Un num\u0103r special din cel pu\u021bin dou\u0103 motive: dou\u0103 luni am scris \u0219i am rescris \u0219i [&hellip;]<\/p>\n","protected":false},"featured_media":89,"comment_status":"open","ping_status":"closed","template":"","meta":[],"product_brand":[25],"product_cat":[28],"product_tag":[],"class_list":{"0":"post-88","1":"product","2":"type-product","3":"status-publish","4":"has-post-thumbnail","6":"product_brand-stiintatehnica","7":"product_cat-revista-stiintatehnica-online","9":"first","10":"instock","11":"shipping-taxable","12":"product-type-external"},"jetpack_sharing_enabled":true,"_links":{"self":[{"href":"https:\/\/stiintasitehnica.com\/shop\/wp-json\/wp\/v2\/product\/88","targetHints":{"allow":["GET"]}}],"collection":[{"href":"https:\/\/stiintasitehnica.com\/shop\/wp-json\/wp\/v2\/product"}],"about":[{"href":"https:\/\/stiintasitehnica.com\/shop\/wp-json\/wp\/v2\/types\/product"}],"replies":[{"embeddable":true,"href":"https:\/\/stiintasitehnica.com\/shop\/wp-json\/wp\/v2\/comments?post=88"}],"wp:featuredmedia":[{"embeddable":true,"href":"https:\/\/stiintasitehnica.com\/shop\/wp-json\/wp\/v2\/media\/89"}],"wp:attachment":[{"href":"https:\/\/stiintasitehnica.com\/shop\/wp-json\/wp\/v2\/media?parent=88"}],"wp:term":[{"taxonomy":"product_brand","embeddable":true,"href":"https:\/\/stiintasitehnica.com\/shop\/wp-json\/wp\/v2\/product_brand?post=88"},{"taxonomy":"product_cat","embeddable":true,"href":"https:\/\/stiintasitehnica.com\/shop\/wp-json\/wp\/v2\/product_cat?post=88"},{"taxonomy":"product_tag","embeddable":true,"href":"https:\/\/stiintasitehnica.com\/shop\/wp-json\/wp\/v2\/product_tag?post=88"}],"curies":[{"name":"wp","href":"https:\/\/api.w.org\/{rel}","templated":true}]}}