{"id":91,"date":"2025-03-28T17:16:06","date_gmt":"2025-03-28T15:16:06","guid":{"rendered":"https:\/\/stiintasitehnica.com\/shop\/?post_type=product&#038;p=91"},"modified":"2025-03-28T17:58:05","modified_gmt":"2025-03-28T15:58:05","slug":"revista-stiintatehnica-numarul-95","status":"publish","type":"product","link":"https:\/\/stiintasitehnica.com\/shop\/produs\/revista-stiintatehnica-numarul-95\/","title":{"rendered":"Revista Stiinta&#038;Tehnica numarul 95"},"content":{"rendered":"<div class=\"col s12 m8 center\"><span class=\"inlineblock grey-text text-darken-1\">ISBN: 1220\u20116555<\/span><\/div>\n<div class=\"col s12 m8 center\"><span class=\"inlineblock grey-text text-darken-1\">\u00cen num\u0103rul 95 al revistei \u0218tiin\u021b\u0103&amp;Tehnic\u0103 pute\u021bi citi despre cea mai recent\u0103 expedi\u021bie rom\u00e2neasc\u0103 pe Amazon, c\u00e2t de cald va fi pe Terra \u00een urm\u0103torii 100 de ani, de ce tr\u0103iesc femeile mai mult dec\u00e2t b\u0103rba\u021bii \u0219i binecunoscutele rubrici despre cosmos, rachete, arme moderne, gadgeturi \u0219i\u2026 ozn-uri.<\/span><\/div>\n","protected":false},"excerpt":{"rendered":"<p>ISBN: 1220\u20116555 \u00cen num\u0103rul 95 al revistei \u0218tiin\u021b\u0103&amp;Tehnic\u0103 pute\u021bi citi despre cea mai recent\u0103 expedi\u021bie rom\u00e2neasc\u0103 pe Amazon, c\u00e2t de cald va fi pe Terra \u00een urm\u0103torii 100 de ani, de ce tr\u0103iesc femeile mai mult dec\u00e2t b\u0103rba\u021bii \u0219i binecunoscutele rubrici despre cosmos, rachete, arme moderne, gadgeturi \u0219i\u2026 ozn-uri.<\/p>\n","protected":false},"featured_media":92,"comment_status":"open","ping_status":"closed","template":"","meta":[],"product_brand":[25],"product_cat":[28],"product_tag":[],"class_list":{"0":"post-91","1":"product","2":"type-product","3":"status-publish","4":"has-post-thumbnail","6":"product_brand-stiintatehnica","7":"product_cat-revista-stiintatehnica-online","9":"first","10":"instock","11":"shipping-taxable","12":"product-type-external"},"jetpack_sharing_enabled":true,"_links":{"self":[{"href":"https:\/\/stiintasitehnica.com\/shop\/wp-json\/wp\/v2\/product\/91","targetHints":{"allow":["GET"]}}],"collection":[{"href":"https:\/\/stiintasitehnica.com\/shop\/wp-json\/wp\/v2\/product"}],"about":[{"href":"https:\/\/stiintasitehnica.com\/shop\/wp-json\/wp\/v2\/types\/product"}],"replies":[{"embeddable":true,"href":"https:\/\/stiintasitehnica.com\/shop\/wp-json\/wp\/v2\/comments?post=91"}],"wp:featuredmedia":[{"embeddable":true,"href":"https:\/\/stiintasitehnica.com\/shop\/wp-json\/wp\/v2\/media\/92"}],"wp:attachment":[{"href":"https:\/\/stiintasitehnica.com\/shop\/wp-json\/wp\/v2\/media?parent=91"}],"wp:term":[{"taxonomy":"product_brand","embeddable":true,"href":"https:\/\/stiintasitehnica.com\/shop\/wp-json\/wp\/v2\/product_brand?post=91"},{"taxonomy":"product_cat","embeddable":true,"href":"https:\/\/stiintasitehnica.com\/shop\/wp-json\/wp\/v2\/product_cat?post=91"},{"taxonomy":"product_tag","embeddable":true,"href":"https:\/\/stiintasitehnica.com\/shop\/wp-json\/wp\/v2\/product_tag?post=91"}],"curies":[{"name":"wp","href":"https:\/\/api.w.org\/{rel}","templated":true}]}}