{"id":93,"date":"2025-03-28T17:17:28","date_gmt":"2025-03-28T15:17:28","guid":{"rendered":"https:\/\/stiintasitehnica.com\/shop\/?post_type=product&#038;p=93"},"modified":"2025-03-28T17:57:46","modified_gmt":"2025-03-28T15:57:46","slug":"revista-stiintatehnica-numarul-99","status":"publish","type":"product","link":"https:\/\/stiintasitehnica.com\/shop\/produs\/revista-stiintatehnica-numarul-99\/","title":{"rendered":"Revista Stiinta&#038;Tehnica numarul 99"},"content":{"rendered":"<div class=\"col s12 m8 center\"><span class=\"inlineblock grey-text text-darken-1\">ISBN: ISSN 1220\u20116555<\/span><\/div>\n<div class=\"col s12 m8 center\"><span class=\"inlineblock grey-text text-darken-1\">\u00cen num\u0103rul 98 al revistei \u0218tiin\u021b\u0103&amp;Tehnic\u0103: \u2022 Laserul sistemului ELI-NP test de anduran\u021b\u0103 \u2022 Cea mai fotografiat\u0103 comet\u0103 din istorie \u2022 Heaven\u2019s Vault \u2022 Work from the woods \u2022 A VII-a Sesiune de comunic\u0103ri \u0219tiin\u021bifice a tinerilor olimpici \u2022 Utiliz\u0103ri ale tehnologiei BLOCKCHAIN \u00een educa\u021bie \u2022 Noul drum al m\u0103t\u0103sii \u2022 Modelul standard \u0219i c\u0103utarea fizicii noi \u2022 Ciuma bubonic\u0103 \u2022 Adulmec\u00e2nd tabelul lui Mendeleev \u2022 Moartea neagr\u0102 \u2022 Planete, de unde at\u00e2ta sfericitate pe voi? \u2022 Noi orizonturi \u00een astronomie \u2022 C\u0103\u021belu\u0219a LAIKA, primul c\u0103l\u0103tor \u00een Cosmos \u2022 Ratarea Selenei (2) \u2022 Oceanul Subteran de pe Ceres \u2022 Titan II, moartea care nu a mai venit \u2022 Observator pentru infraro\u0219ul \u00eendep\u0103rtat \u2022 De la Star Trek, la teleportarea cuantic\u0103 \u2022 C\u00e2teva g\u00e2nduri (pesimiste) ale unui b\u0103tr\u00e2n informatician (2) \u2022 \u00centre judecat\u0103 \u0219i g\u00e2ndire \u2022 Despre adev\u0103r \u2022 (R)evolu\u021bia VISBY \u2022 \u0218i repeten\u021bii trebuie iubi\u021bi..<\/span><\/div>\n","protected":false},"excerpt":{"rendered":"<p>ISBN: ISSN 1220\u20116555 \u00cen num\u0103rul 98 al revistei \u0218tiin\u021b\u0103&amp;Tehnic\u0103: \u2022 Laserul sistemului ELI-NP test de anduran\u021b\u0103 \u2022 Cea mai fotografiat\u0103 comet\u0103 din istorie \u2022 Heaven\u2019s Vault \u2022 Work from the woods \u2022 A VII-a Sesiune de comunic\u0103ri \u0219tiin\u021bifice a tinerilor olimpici \u2022 Utiliz\u0103ri ale tehnologiei BLOCKCHAIN \u00een educa\u021bie \u2022 Noul drum al m\u0103t\u0103sii \u2022 Modelul [&hellip;]<\/p>\n","protected":false},"featured_media":94,"comment_status":"open","ping_status":"closed","template":"","meta":[],"product_brand":[],"product_cat":[28],"product_tag":[],"class_list":{"0":"post-93","1":"product","2":"type-product","3":"status-publish","4":"has-post-thumbnail","6":"product_cat-revista-stiintatehnica-online","8":"first","9":"instock","10":"shipping-taxable","11":"product-type-external"},"jetpack_sharing_enabled":true,"_links":{"self":[{"href":"https:\/\/stiintasitehnica.com\/shop\/wp-json\/wp\/v2\/product\/93","targetHints":{"allow":["GET"]}}],"collection":[{"href":"https:\/\/stiintasitehnica.com\/shop\/wp-json\/wp\/v2\/product"}],"about":[{"href":"https:\/\/stiintasitehnica.com\/shop\/wp-json\/wp\/v2\/types\/product"}],"replies":[{"embeddable":true,"href":"https:\/\/stiintasitehnica.com\/shop\/wp-json\/wp\/v2\/comments?post=93"}],"wp:featuredmedia":[{"embeddable":true,"href":"https:\/\/stiintasitehnica.com\/shop\/wp-json\/wp\/v2\/media\/94"}],"wp:attachment":[{"href":"https:\/\/stiintasitehnica.com\/shop\/wp-json\/wp\/v2\/media?parent=93"}],"wp:term":[{"taxonomy":"product_brand","embeddable":true,"href":"https:\/\/stiintasitehnica.com\/shop\/wp-json\/wp\/v2\/product_brand?post=93"},{"taxonomy":"product_cat","embeddable":true,"href":"https:\/\/stiintasitehnica.com\/shop\/wp-json\/wp\/v2\/product_cat?post=93"},{"taxonomy":"product_tag","embeddable":true,"href":"https:\/\/stiintasitehnica.com\/shop\/wp-json\/wp\/v2\/product_tag?post=93"}],"curies":[{"name":"wp","href":"https:\/\/api.w.org\/{rel}","templated":true}]}}