{"id":97,"date":"2025-03-28T17:20:15","date_gmt":"2025-03-28T15:20:15","guid":{"rendered":"https:\/\/stiintasitehnica.com\/shop\/?post_type=product&#038;p=97"},"modified":"2026-02-21T17:23:16","modified_gmt":"2026-02-21T15:23:16","slug":"revista-stiintatehnica-numarul-97","status":"publish","type":"product","link":"https:\/\/stiintasitehnica.com\/shop\/produs\/revista-stiintatehnica-numarul-97\/","title":{"rendered":"Revista Stiinta&#038;Tehnica numarul 97"},"content":{"rendered":"<div class=\"col s12 m8 center\"><span class=\"inlineblock grey-text text-darken-1\">ISBN: 1220\u20116555<\/span><\/div>\n<div class=\"col s12 m8 center\"><span class=\"inlineblock grey-text text-darken-1\">SINCROTRONUL DE PROTONI, O nou\u0103 tehnologie \u00eempotriva cancerului, Copacii mecanici care absorb CO2 din aer, Smartphone-ul militar, Filatelie spa\u021bial\u0103, Misiuni pe Marte 2020-2021, De ce tr\u0103iesc b\u0103rba\u021bii mai pu\u021bin ca femeile, Limitele matematicii, O poveste adev\u0103rat\u0103 despre Steaua f\u0103r\u0103 nume, Meseriile viitorului \u0219i un dosar substan\u021bial despre programul spa\u021bial rus.<\/span><\/div>\n","protected":false},"excerpt":{"rendered":"<p>ISBN: 1220\u20116555 SINCROTRONUL DE PROTONI, O nou\u0103 tehnologie \u00eempotriva cancerului, Copacii mecanici care absorb CO2 din aer, Smartphone-ul militar, Filatelie spa\u021bial\u0103, Misiuni pe Marte 2020-2021, De ce tr\u0103iesc b\u0103rba\u021bii mai pu\u021bin ca femeile, Limitele matematicii, O poveste adev\u0103rat\u0103 despre Steaua f\u0103r\u0103 nume, Meseriile viitorului \u0219i un dosar substan\u021bial despre programul spa\u021bial rus.<\/p>\n","protected":false},"featured_media":98,"comment_status":"open","ping_status":"closed","template":"","meta":[],"product_brand":[25],"product_cat":[28],"product_tag":[],"class_list":{"0":"post-97","1":"product","2":"type-product","3":"status-publish","4":"has-post-thumbnail","6":"product_brand-stiintatehnica","7":"product_cat-revista-stiintatehnica-online","9":"first","10":"instock","11":"shipping-taxable","12":"product-type-external"},"jetpack_sharing_enabled":true,"_links":{"self":[{"href":"https:\/\/stiintasitehnica.com\/shop\/wp-json\/wp\/v2\/product\/97","targetHints":{"allow":["GET"]}}],"collection":[{"href":"https:\/\/stiintasitehnica.com\/shop\/wp-json\/wp\/v2\/product"}],"about":[{"href":"https:\/\/stiintasitehnica.com\/shop\/wp-json\/wp\/v2\/types\/product"}],"replies":[{"embeddable":true,"href":"https:\/\/stiintasitehnica.com\/shop\/wp-json\/wp\/v2\/comments?post=97"}],"wp:featuredmedia":[{"embeddable":true,"href":"https:\/\/stiintasitehnica.com\/shop\/wp-json\/wp\/v2\/media\/98"}],"wp:attachment":[{"href":"https:\/\/stiintasitehnica.com\/shop\/wp-json\/wp\/v2\/media?parent=97"}],"wp:term":[{"taxonomy":"product_brand","embeddable":true,"href":"https:\/\/stiintasitehnica.com\/shop\/wp-json\/wp\/v2\/product_brand?post=97"},{"taxonomy":"product_cat","embeddable":true,"href":"https:\/\/stiintasitehnica.com\/shop\/wp-json\/wp\/v2\/product_cat?post=97"},{"taxonomy":"product_tag","embeddable":true,"href":"https:\/\/stiintasitehnica.com\/shop\/wp-json\/wp\/v2\/product_tag?post=97"}],"curies":[{"name":"wp","href":"https:\/\/api.w.org\/{rel}","templated":true}]}}